{"id":11,"date":"2016-06-10T14:12:30","date_gmt":"2016-06-10T13:12:30","guid":{"rendered":"http:\/\/lespassereves.fr\/?page_id=11"},"modified":"2025-10-03T19:55:05","modified_gmt":"2025-10-03T18:55:05","slug":"les-passe-reves-en-3-mots-impro-clown-theatre","status":"publish","type":"page","link":"http:\/\/lespassereves.fr\/","title":{"rendered":"Les Passe R\u00eaves en 3 mots : Impro Clown Th\u00e9\u00e2tre"},"content":{"rendered":"<h1>\u00a0<\/h1>\n<p><span style=\"color: #000080;\">Pr\u00e9sentation de la <strong>Compagnie des Passe R\u00eaves<\/strong>, ses prestations coaching, en formation au th\u00e9\u00e2tre d&rsquo;improvisation, \u00e0 la prise de parole en entreprises, \u00e0 l&rsquo;\u00e9cole&#8230;<\/span><\/p>\n<h2><span style=\"color: #ff00ff;\">Les Passe R\u00eaves, l&rsquo;Improvisation Th\u00e9\u00e2tre comme moteur<\/span><\/h2>\n<p><span style=\"font-size: 14pt;\"><span style=\"color: #0000ff;\">Nous sommes une<strong> compagnie<\/strong> ouverte sur diff\u00e9rents horizons tels que l&rsquo;improvisation th\u00e9\u00e2trale, le clown de th\u00e9\u00e2tre, le forum th\u00e9\u00e2tralis\u00e9, le conte, la manipulation de marionnettes, ainsi que les spectacles jeune public, etc&#8230; Ainsi nous proposons des spectacles, matchs, ateliers et stages de d\u00e9couverte. Une troupe, les Passe R\u00eaves, qui vagabonde sur les routes avec <\/span><span style=\"color: #0000ff;\">pour unique souhait cr\u00e9er d\u2019\u00e9ph\u00e9m\u00e8res contes et l\u00e9gendes <\/span><span style=\"color: #0000ff;\">invent\u00e9s sur place \u00e0 m\u00eame le chemin.<\/span><\/span><\/p>\n<h2><span style=\"font-size: 12pt;\"><span style=\"font-size: 14pt;\"><span style=\"color: #ff00ff;\">Les Passe R\u00eaves en sc\u00e8ne !<\/span><br \/><\/span><\/span><\/h2>\n<p><span style=\"font-size: 12pt;\"><span style=\"font-size: 14pt;\"><span style=\"color: #0000ff;\">La sc\u00e8ne est notre domaine et les mondes imaginaires notre quotidien. Aucun recoin de notre terre ne nous r\u00e9siste et peut se transformer instantan\u00e9ment en sc\u00e8ne improvis\u00e9e. Nous vous inviterons \u00e0 prendre place dans nos songes, pour passer du r\u00eave \u00e0 notre r\u00e9alit\u00e9.<\/span><\/span><\/span><\/p>\n<h2><span style=\"color: #ff00ff;\">pour \u00e9changer avec les Passe R\u00eaves<\/span><\/h2>\n<p><span style=\"font-size: 12pt;\"><span style=\"font-size: 14pt;\"><span style=\"color: #0000ff;\">Cependant, pour une prise de <a href=\"mailto:lespassereves@gmail.com\">contact<\/a> efficace et pour passer du virtuel au r\u00e9el, vous pouvez nous envoyer un message par mail. Nous nous ferons une immense joie de vous r\u00e9pondre dans les plus brefs d\u00e9lais et envisager une rencontre. <\/span><span style=\"color: #0000ff;\">Vous pouvez \u00e9galement jeter un coup d\u2019\u0153il sur notre agenda bien rempli et venir nous voir en vrai de vrai, lors d&rsquo;un spectacle vivant.<\/span><\/span> <span style=\"color: #0000ff; font-size: 14pt;\">Notre<\/span><\/span><span style=\"color: #ff00ff; font-size: 14pt;\"> souhait \u00e0 travers ce site, vous faire d\u00e9couvrir l&rsquo;\u00e9tendue de nos univers.<\/span><\/p>\n<h3><span style=\"color: #ff00ff;\">\u00a0les arts de l&rsquo;improvisation th\u00e9\u00e2trale<\/span><\/h3>\n<p><img data-recalc-dims=\"1\" loading=\"lazy\" decoding=\"async\" data-attachment-id=\"1051\" data-permalink=\"http:\/\/lespassereves.fr\/index.php\/prestations-theatrales\/team-building-tours-yvelines\/trait-bleu-titre\/#main\" data-orig-file=\"https:\/\/i0.wp.com\/lespassereves.fr\/wp-content\/uploads\/2018\/02\/trait-bleu-titre.png?fit=854%2C81\" data-orig-size=\"854,81\" data-comments-opened=\"1\" data-image-meta=\"{&quot;aperture&quot;:&quot;0&quot;,&quot;credit&quot;:&quot;&quot;,&quot;camera&quot;:&quot;&quot;,&quot;caption&quot;:&quot;&quot;,&quot;created_timestamp&quot;:&quot;0&quot;,&quot;copyright&quot;:&quot;&quot;,&quot;focal_length&quot;:&quot;0&quot;,&quot;iso&quot;:&quot;0&quot;,&quot;shutter_speed&quot;:&quot;0&quot;,&quot;title&quot;:&quot;&quot;,&quot;orientation&quot;:&quot;0&quot;}\" data-image-title=\"trait-bleu-titre\" data-image-description=\"\" data-image-caption=\"\" data-large-file=\"https:\/\/i0.wp.com\/lespassereves.fr\/wp-content\/uploads\/2018\/02\/trait-bleu-titre.png?fit=620%2C59\" class=\"aligncenter wp-image-1051 size-medium\" title=\"atelier impro theatre\" src=\"https:\/\/i0.wp.com\/lespassereves.fr\/wp-content\/uploads\/2018\/02\/trait-bleu-titre.png?resize=300%2C28\" alt=\"improvisation\" width=\"300\" height=\"28\" srcset=\"https:\/\/i0.wp.com\/lespassereves.fr\/wp-content\/uploads\/2018\/02\/trait-bleu-titre.png?resize=300%2C28 300w, https:\/\/i0.wp.com\/lespassereves.fr\/wp-content\/uploads\/2018\/02\/trait-bleu-titre.png?resize=768%2C73 768w, https:\/\/i0.wp.com\/lespassereves.fr\/wp-content\/uploads\/2018\/02\/trait-bleu-titre.png?w=854 854w\" sizes=\"auto, (max-width: 300px) 100vw, 300px\" \/><\/p>\n<h3 style=\"text-align: center;\"><span style=\"font-family: arial,helvetica,sans-serif; font-size: 14pt;\"><span style=\"color: #ff00ff;\"><span style=\"color: #0000ff;\"><span style=\"color: #ff00ff;\">NOS DOMAINES DE PR\u00c9DILECTION :<\/span><\/span><\/span><\/span><\/h3>\n<h3 style=\"text-align: center;\"><a href=\"http:\/\/lespassereves.fr\/index.php\/atelier-dimprovisation-theatrale\/ateliers-dimprovisation-paris-14-theatrale\/\"><span style=\"font-family: arial,helvetica,sans-serif;\"><strong><span style=\"color: #ff00ff; font-size: 12pt;\"><span style=\"color: #0000ff;\">L&rsquo;IMPRO TH\u00c9\u00c2TRALE<\/span><\/span><\/strong><\/span><\/a><\/h3>\n<h3 style=\"text-align: center;\"><span style=\"font-family: arial,helvetica,sans-serif;\"><strong><span style=\"color: #0000ff;\"><a href=\"http:\/\/lespassereves.fr\/index.php\/nos-ateliers\/stage-clown-de-theatre-a-tours\/\">Le Clown<\/a> <\/span><\/strong><\/span><\/h3>\n<h3 style=\"text-align: center;\"><a href=\"http:\/\/lespassereves.fr\/index.php\/nos-prestations\/theatre-forum\/\"><span style=\"font-family: arial,helvetica,sans-serif;\"><strong><span style=\"color: #0000ff;\">Le th\u00e9\u00e2tre forum<\/span><\/strong><\/span><\/a><\/h3>\n<h3 style=\"text-align: center;\"><a href=\"http:\/\/lespassereves.fr\/index.php\/nos-prestations\/theatre-dentreprise\/\"><span style=\"font-family: arial,helvetica,sans-serif;\"><strong><span style=\"color: #ff00ff;\"><span style=\"color: #0000ff;\"><span style=\"font-size: 12pt;\">La coh\u00e9sion d&rsquo;\u00e9quipe en entreprise<\/span><\/span><\/span><\/strong><\/span><\/a><\/h3>\n<h3 style=\"text-align: center;\"><span style=\"color: #0000ff;\"><strong><a href=\"http:\/\/lespassereves.fr\/index.php\/nos-prestations\/pour-enfants\/\"><span style=\"font-family: arial,helvetica,sans-serif;\">les spectacles \u00ab\u00a0jeune public\u00a0\u00bb<\/span><\/a> <\/strong><\/span><\/h3>\n<h5 style=\"text-align: center;\"><span style=\"font-family: tahoma, arial, helvetica, sans-serif; font-size: 12pt;\">\u00a0<\/span><\/h5>\n<h4 style=\"text-align: center;\">\u00a0<\/h4>\n<h5 style=\"text-align: left;\"><span style=\"color: #ff00ff; font-family: arial,helvetica,sans-serif; font-size: 14pt;\">Les inspirations des passe r\u00eaves sont :<\/span><\/h5>\n<p style=\"text-align: left;\"><strong><span style=\"color: #0000ff; font-family: arial,helvetica,sans-serif; font-size: 12pt;\">Tout d&rsquo;abord, la bienveillance comme ciment<br \/>Autant que l<\/span><span style=\"color: #0000ff; font-family: arial,helvetica,sans-serif; font-size: 12pt;\">&lsquo;\u00e9coute pour mieux s&rsquo;entendre<br \/>U<\/span><span style=\"color: #0000ff; font-family: arial,helvetica,sans-serif; font-size: 12pt;\">n bon grain de folie en permanence dans les airs<br \/>L<\/span><span style=\"color: #0000ff; font-family: arial,helvetica,sans-serif; font-size: 12pt;\">e sourire au bord des r\u00eaves<br \/>Et l<\/span><span style=\"color: #0000ff; font-family: arial,helvetica,sans-serif; font-size: 12pt;\">a convivialit\u00e9 pour que les relations soient consolid\u00e9es\u00a0<\/span> <\/strong><\/p>\n<h5 style=\"text-align: left;\">\u00a0<\/h5>\n<h5 style=\"text-align: left;\"><span style=\"color: #ff00ff; font-family: arial,helvetica,sans-serif; font-size: 14pt;\">Avant tout, en bonne compagnie :<\/span><\/h5>\n<p style=\"text-align: left;\"><span style=\"color: #0000ff; font-family: arial,helvetica,sans-serif; font-size: 12pt;\">Nos cours et formations sont ouverts \u00e0 toutes et tous.<br \/>N&rsquo;h\u00e9sitez \u00e0 vous rapprochez de nous, tr\u00e8s certainement<br \/>il y a de fortes chances que nous vous ayons gard\u00e9 une place.<br \/>Aussi pour vous inscrire en ligne \u00e0 nos ateliers ou stages, suivez le lien <a href=\"https:\/\/www.helloasso.com\/associations\/les-passe-reves\">Helloasso<\/a><br \/>Vous y trouverez la plupart de nos cessions d&rsquo;apprentissage en cours.<br \/>Cependant, si tel n&rsquo;est pas le cas, prenez rapidement <a href=\"http:\/\/lespassereves.fr\/index.php\/impro-clown-theatre-forum-en-indre-et-loire\/\">contact<\/a> avec nous.<br \/><\/span><\/p>\n<h5 style=\"text-align: left;\"><span style=\"color: #ff00ff; font-family: arial, helvetica, sans-serif;\"><span style=\"font-size: 14pt;\">Avertissement :<\/span><\/span><\/h5>\n<p style=\"text-align: left;\"><span style=\"color: #ff00ff; font-family: arial, helvetica, sans-serif;\"><span style=\"color: #0000ff;\">En particulier, l&rsquo;improvisation th\u00e9\u00e2trale peut sans tarder nuire gravement \u00e0 la morosit\u00e9.<\/span><br \/><span style=\"color: #0000ff;\">D&rsquo;une mani\u00e8re g\u00e9n\u00e9rale, il est \u00e0 noter que sa pratique r\u00e9guli\u00e8re<br \/>favorise la congruence corps t\u00eate, <\/span><span style=\"color: #0000ff;\"><strong>la spontan\u00e9it\u00e9 ainsi que la cr\u00e9ativit\u00e9<\/strong>.<br \/>Au travers de cette discipline, vous vous offrez un espace illimit\u00e9 de libert\u00e9.<br \/>D\u00e8s lors, il est m\u00eame fr\u00e9quent<\/span> <span style=\"color: #0000ff;\">que vous ressentiez une certaine joie<br \/>et un inexplicable bien-\u00eatre<\/span> <span style=\"color: #0000ff;\">peut m\u00eame vous envahir.<\/span><\/span><\/p>\n<h6 style=\"text-align: left;\"><span style=\"color: #ff00ff; font-family: arial, helvetica, sans-serif;\">l&rsquo;effet passe r\u00eaves<br \/><\/span><\/h6>\n<p style=\"text-align: left;\"><span style=\"color: #ff00ff; font-family: arial, helvetica, sans-serif;\"><span style=\"color: #0000ff;\">Une soif nouvelle de d\u00e9tente et de l\u00e2cher prise peut effectivement s&#8217;emparer de vous.<\/span><br \/><span style=\"color: #0000ff;\">D&rsquo;ailleurs, ces sympt\u00f4mes sont classiques et ne doivent en aucun cas vous inqui\u00e9ter.<\/span><br \/><span style=\"color: #0000ff;\">Toutefois, il s&rsquo;av\u00e8re que ces effets sont dans la plupart des cas, irr\u00e9m\u00e9diablement irr\u00e9versibles.<\/span><br \/><span style=\"color: #0000ff;\">Compte tenu de cet avertissement, La Compagnie des Passe r\u00eaves d\u00e9cline toute responsabilit\u00e9 si \u00e0 aucun moment vous ne les ressentiez.<\/span> <\/span><\/p>\n<h6 style=\"text-align: left;\"><span style=\"color: #ff00ff;\">les passe r\u00eaves, une compagnie de th\u00e9\u00e2tre d&rsquo;impro \u00e0 Tours&#8230;<\/span><\/h6>\n<p style=\"text-align: left;\"><span style=\"color: #0000ff;\">Mais aussi \u00e0 Aix en Provence, Fort de France, Aurillac, Mamers, La Ville aux Dames, St Cyr l&rsquo;\u00e9cole, enfin \u00e0 St R\u00e9my des Monts, B\u00e9ville le Comte, Theix-Noyalo, Montlouis sur Loire, Jou\u00e9 les Tours, Pernay, St Pierre des Corps, Poc\u00e9 sur Cisse, Boussy St Antoine, Vernou sur Brenne, Amboise, Nouan le fuzelier, Le Mesnil St Denis, St Denis (La R\u00e9union), St Pierre (La R\u00e9union), Descartes, Cinais, La Queue lez Yvelines, Veign\u00e9, Maurepas, St Prix, Lille, Vernouillet, Cachan, Limours, Chatillon, Dakar, Louvignies, Ecully, Soulvache&#8230;<\/span><\/p>\n\n\n<p><\/p>\n","protected":false},"excerpt":{"rendered":"<p>Il est une fois, un trio d\u2019agitateurs de r\u00eaves.<br \/>\nUne troupe qui vagabonde sur les routes avec pour unique souhait cr\u00e9er d\u2019\u00e9ph\u00e9m\u00e8res contes et l\u00e9gendes invent\u00e9s sur place \u00e0 m\u00eame le chemin.<br \/>\nLa sc\u00e8ne est leur domaine et les mondes imaginaires leur quotidien.<\/p>\n","protected":false},"author":1,"featured_media":0,"parent":0,"menu_order":0,"comment_status":"closed","ping_status":"closed","template":"","meta":{"jetpack_post_was_ever_published":false,"footnotes":""},"class_list":["post-11","page","type-page","status-publish","hentry","without-featured-image"],"jetpack_sharing_enabled":true,"jetpack_shortlink":"https:\/\/wp.me\/P7LDIs-b","jetpack_likes_enabled":true,"_links":{"self":[{"href":"http:\/\/lespassereves.fr\/index.php\/wp-json\/wp\/v2\/pages\/11","targetHints":{"allow":["GET"]}}],"collection":[{"href":"http:\/\/lespassereves.fr\/index.php\/wp-json\/wp\/v2\/pages"}],"about":[{"href":"http:\/\/lespassereves.fr\/index.php\/wp-json\/wp\/v2\/types\/page"}],"author":[{"embeddable":true,"href":"http:\/\/lespassereves.fr\/index.php\/wp-json\/wp\/v2\/users\/1"}],"replies":[{"embeddable":true,"href":"http:\/\/lespassereves.fr\/index.php\/wp-json\/wp\/v2\/comments?post=11"}],"version-history":[{"count":163,"href":"http:\/\/lespassereves.fr\/index.php\/wp-json\/wp\/v2\/pages\/11\/revisions"}],"predecessor-version":[{"id":3909,"href":"http:\/\/lespassereves.fr\/index.php\/wp-json\/wp\/v2\/pages\/11\/revisions\/3909"}],"wp:attachment":[{"href":"http:\/\/lespassereves.fr\/index.php\/wp-json\/wp\/v2\/media?parent=11"}],"curies":[{"name":"wp","href":"https:\/\/api.w.org\/{rel}","templated":true}]}}