{"id":17,"date":"2016-06-10T14:14:59","date_gmt":"2016-06-10T13:14:59","guid":{"rendered":"http:\/\/lespassereves.fr\/?page_id=17"},"modified":"2025-09-28T18:28:25","modified_gmt":"2025-09-28T17:28:25","slug":"atelier-dimprovisation-theatrale","status":"publish","type":"page","link":"http:\/\/lespassereves.fr\/index.php\/atelier-dimprovisation-theatrale\/","title":{"rendered":"Passe R\u00eaves Atelier d&rsquo;improvisation th\u00e9\u00e2trale Stage de clown"},"content":{"rendered":"<h1><span style=\"color: #000080;\">Atelier d&rsquo;improvisation th\u00e9\u00e2trale<\/span><\/h1>\n<p><span style=\"color: #0000ff;\">Qu&rsquo;attendez-vous pour essayer un atelier d&rsquo;improvisation th\u00e9\u00e2trale avec nous ? A Paris, dans les Yvelines, ou en Indre et Loire o\u00f9 nous \u0153uvrons principalement, notre v\u0153u le plus cher est de transmettre nos passions th\u00e9\u00e2trale aupr\u00e8s d&rsquo;un public le plus large possible.<br \/>\nLors de nos stages occasionnels ou de nos rendez-vous hebdomadaires, nous mettons tout en \u0153uvre pour vous accompagner dans l&rsquo;apprentissage des arts th\u00e9\u00e2traux.<br \/>\n<\/span><\/p>\n<p><span style=\"color: #0000ff;\">\u00a0<\/span><\/p>\n<p><span style=\"color: #0000ff;\">Nous instaurons un cadre bienveillant pour vous envelopper de la confiance n\u00e9cessaire \u00e0 un l\u00e2cher prise rapide et efficace.<\/span><\/p>\n<p><span style=\"color: #0000ff;\">Toutes ces disciplines th\u00e9\u00e2trales font partie de notre adn. Nous donnons des formations partout autour de nous d\u00e8s que nous en avons l&rsquo;occasion.<br \/>\n(La r\u00e9union &#8211; Mamers &#8211; Martinique, Chatillon, Limours)<br \/>\n<\/span><\/p>\n<p><span style=\"color: #0000ff;\">Tout au long de l&rsquo;ann\u00e9e, vous trouverez une formation adapt\u00e9e \u00e0 vos envies et besoins.<\/span><\/p>\n<h2><span style=\"color: #000080;\">Atelier d&rsquo;improvisation th\u00e9\u00e2trale\u00a0<\/span><\/h2>\n<p><img data-recalc-dims=\"1\" loading=\"lazy\" decoding=\"async\" data-attachment-id=\"1754\" data-permalink=\"http:\/\/lespassereves.fr\/index.php\/atelier-dimprovisation-theatrale\/stage\/#main\" data-orig-file=\"https:\/\/i0.wp.com\/lespassereves.fr\/wp-content\/uploads\/2018\/11\/stage.jpg?fit=530%2C530\" data-orig-size=\"530,530\" data-comments-opened=\"1\" data-image-meta=\"{&quot;aperture&quot;:&quot;0&quot;,&quot;credit&quot;:&quot;&quot;,&quot;camera&quot;:&quot;&quot;,&quot;caption&quot;:&quot;&quot;,&quot;created_timestamp&quot;:&quot;0&quot;,&quot;copyright&quot;:&quot;&quot;,&quot;focal_length&quot;:&quot;0&quot;,&quot;iso&quot;:&quot;0&quot;,&quot;shutter_speed&quot;:&quot;0&quot;,&quot;title&quot;:&quot;&quot;,&quot;orientation&quot;:&quot;0&quot;}\" data-image-title=\"stage\" data-image-description=\"\" data-image-caption=\"\" data-large-file=\"https:\/\/i0.wp.com\/lespassereves.fr\/wp-content\/uploads\/2018\/11\/stage.jpg?fit=530%2C530\" class=\"aligncenter wp-image-1754 size-medium\" src=\"https:\/\/i0.wp.com\/lespassereves.fr\/wp-content\/uploads\/2018\/11\/stage.jpg?resize=300%2C300\" alt=\"Stage de clown atelier d'improvisation th\u00e9\u00e2trale passe r\u00eaves\" width=\"300\" height=\"300\" srcset=\"https:\/\/i0.wp.com\/lespassereves.fr\/wp-content\/uploads\/2018\/11\/stage.jpg?resize=300%2C300 300w, https:\/\/i0.wp.com\/lespassereves.fr\/wp-content\/uploads\/2018\/11\/stage.jpg?resize=150%2C150 150w, https:\/\/i0.wp.com\/lespassereves.fr\/wp-content\/uploads\/2018\/11\/stage.jpg?resize=120%2C120 120w, https:\/\/i0.wp.com\/lespassereves.fr\/wp-content\/uploads\/2018\/11\/stage.jpg?resize=90%2C90 90w, https:\/\/i0.wp.com\/lespassereves.fr\/wp-content\/uploads\/2018\/11\/stage.jpg?resize=380%2C380 380w, https:\/\/i0.wp.com\/lespassereves.fr\/wp-content\/uploads\/2018\/11\/stage.jpg?w=530 530w\" sizes=\"auto, (max-width: 300px) 100vw, 300px\" \/><\/p>\n<h3><span style=\"color: #000080;\">\u00e0 qui s&rsquo;adresse nos stages de th\u00e9\u00e2tre ?<\/span><\/h3>\n<p><span style=\"color: #0000ff;\">Au plus grand nombre !<\/span><br \/>\n<span style=\"color: #0000ff;\">Vous \u00eates unique et vous l&rsquo;ignorez sans doute, mais vous avez des tr\u00e9sors de talents enfouis qui ne demandent qu&rsquo;\u00e0 se r\u00e9v\u00e9ler. Alors, notre pari est, si vous l&rsquo;acceptez, de les faire \u00e9clore au grand jour.<\/span><br \/>\n<span style=\"color: #0000ff;\">Nous allons privil\u00e9gier le cadre pour vous apporter sur un plateau un espace de libert\u00e9 et d&rsquo;\u00e9coute pour vous aider \u00e0 vous \u00e9panouir pleinement.<\/span><br \/>\n<span style=\"color: #0000ff;\">Que cela soit entre particuliers le soir dans des structures communales ou en journ\u00e9e dans le cadre du <strong>Comit\u00e9 d&rsquo;entreprise<\/strong> de soci\u00e9t\u00e9 comme Orange ou Thal\u00e8s, vous \u00eates bienvenue dans nos ateliers.<\/span><\/p>\n<h4><span style=\"color: #000080;\">notre volont\u00e9\u00a0vous Transmettre avec bienveillance nos valeurs<\/span><\/h4>\n<p><span style=\"color: #0000ff;\">Une volont\u00e9 d&rsquo;animer que nous souhaitons propager au plus grand nombre. Ceci aupr\u00e8s de structures diverses et vari\u00e9es\u00a0 en nous adaptant\u00a0\u00e0 tous types de lieux.<\/span><br \/>\n<span style=\"color: #0000ff;\">Ime, Ephad,\u00a0Mas,\u00a0 clubs, associations,\u00a0dans des maisons de retraite, dans des h\u00f4pitaux, etc, etc, etc\u2026<\/span><\/p>\n<h4><span style=\"color: #000080;\">pour faire cours, Gardons contact !<\/span><\/h4>\n<p><span style=\"color: #0000ff;\"><strong>Pour en savoir plus sur nos Ateliers d&rsquo;improvisation th\u00e9\u00e2trale, nos stages de clown, prenez <a href=\"mailto:lespassereves@gmail.com\">contact<\/a> avec nous&#8230;<\/strong><\/span><\/p>\n<h5 class=\"NumberKeyword\"><span style=\"color: #000080;\">Avec l&rsquo;appr\u00e9ciable complicit\u00e9 d&rsquo;helloasso<\/span><\/h5>\n<div><\/div>\n<div><span style=\"color: #0000ff;\">Nous nous appuyons pour cela sur la plateforme <a style=\"color: #0000ff;\" href=\"https:\/\/www.helloasso.com\/associations\/les-passe-reves\">Helloasso<\/a> depuis quelques ann\u00e9es, une entreprise sociale et solidaire au service des associations. Vous pouvez par son interm\u00e9diaire r\u00e9server vos stages, formations ou ateliers annuels.<\/span><\/div>\n<h6><span class=\"words\"><span style=\"color: #000080;\"> du th\u00e9\u00e2tre<\/span><span class=\"keyword keyword3bis tab\" data-value=\"yvelines\"><span style=\"color: #000080;\"> en Yvelines, paris, Touraine, &#8230;<\/span><\/span><\/span><\/h6>\n<p><span style=\"color: #0000ff;\">Et pourquoi pas \u00e0 Aix en Provence, Fort de France, Aurillac, Mamers, La Ville aux Dames, mais aussi St Cyr l\u2019\u00e9cole, St R\u00e9my des Monts, B\u00e9ville le Comte, Theix-Noyalo, Montlouis sur Loire, Jou\u00e9 les Tours, Pernay, St Pierre des Corps.Mais encore \u00e0 Poc\u00e9 sur Cisse, Boussy St Antoine, Vernou sur Brenne, Amboise, Nouan le fuzelier, Le Mesnil St Denis, de m\u00eame qu\u2019\u00e0 St Denis (La R\u00e9union), St Pierre (La R\u00e9union), ainsi qu\u2019\u00e0 Descartes, Cinais,<br \/>\nLa Queue lez Yvelines, \u00e0 Veign\u00e9, Maurepas, St Prix, Lille, Vernouillet, Cachan, Limours, Chatillon, Dakar, Louvignies, Ecully, Soulvache\u2026<\/span><\/p>\n","protected":false},"excerpt":{"rendered":"<p>Atelier d&rsquo;improvisation th\u00e9\u00e2trale Qu&rsquo;attendez-vous pour essayer un atelier d&rsquo;improvisation th\u00e9\u00e2trale avec nous ? A Paris, dans les Yvelines, ou en Indre et Loire o\u00f9 nous \u0153uvrons principalement, notre v\u0153u le plus cher est de transmettre nos passions th\u00e9\u00e2trale aupr\u00e8s d&rsquo;un public le plus large possible. Lors de nos stages occasionnels ou de nos rendez-vous hebdomadaires, &hellip; <a href=\"http:\/\/lespassereves.fr\/index.php\/atelier-dimprovisation-theatrale\/\" class=\"more-link\">Lire la suite <span class=\"screen-reader-text\">Passe R\u00eaves Atelier d&rsquo;improvisation th\u00e9\u00e2trale Stage de clown<\/span><\/a><\/p>\n","protected":false},"author":1,"featured_media":0,"parent":0,"menu_order":4,"comment_status":"closed","ping_status":"closed","template":"","meta":{"footnotes":""},"class_list":["post-17","page","type-page","status-publish","hentry","without-featured-image"],"jetpack_sharing_enabled":true,"jetpack_shortlink":"https:\/\/wp.me\/P7LDIs-h","jetpack_likes_enabled":true,"_links":{"self":[{"href":"http:\/\/lespassereves.fr\/index.php\/wp-json\/wp\/v2\/pages\/17","targetHints":{"allow":["GET"]}}],"collection":[{"href":"http:\/\/lespassereves.fr\/index.php\/wp-json\/wp\/v2\/pages"}],"about":[{"href":"http:\/\/lespassereves.fr\/index.php\/wp-json\/wp\/v2\/types\/page"}],"author":[{"embeddable":true,"href":"http:\/\/lespassereves.fr\/index.php\/wp-json\/wp\/v2\/users\/1"}],"replies":[{"embeddable":true,"href":"http:\/\/lespassereves.fr\/index.php\/wp-json\/wp\/v2\/comments?post=17"}],"version-history":[{"count":51,"href":"http:\/\/lespassereves.fr\/index.php\/wp-json\/wp\/v2\/pages\/17\/revisions"}],"predecessor-version":[{"id":3876,"href":"http:\/\/lespassereves.fr\/index.php\/wp-json\/wp\/v2\/pages\/17\/revisions\/3876"}],"wp:attachment":[{"href":"http:\/\/lespassereves.fr\/index.php\/wp-json\/wp\/v2\/media?parent=17"}],"curies":[{"name":"wp","href":"https:\/\/api.w.org\/{rel}","templated":true}]}}