{"id":32,"date":"2016-06-10T16:42:59","date_gmt":"2016-06-10T15:42:59","guid":{"rendered":"http:\/\/lespassereves.fr\/?page_id=32"},"modified":"2025-09-28T18:12:29","modified_gmt":"2025-09-28T17:12:29","slug":"la-team","status":"publish","type":"page","link":"http:\/\/lespassereves.fr\/index.php\/qui-sommes-nous\/la-team\/","title":{"rendered":"La Team des ateliers de Tours"},"content":{"rendered":"<p style=\"text-align: center;\"><img data-recalc-dims=\"1\" loading=\"lazy\" decoding=\"async\" data-attachment-id=\"854\" data-permalink=\"http:\/\/lespassereves.fr\/index.php\/les-passe-reves-en-3-mots-impro-clown-theatre\/vignettepr\/#main\" data-orig-file=\"https:\/\/i0.wp.com\/lespassereves.fr\/wp-content\/uploads\/2017\/12\/vignettePR.png?fit=164%2C173\" data-orig-size=\"164,173\" data-comments-opened=\"1\" data-image-meta=\"{&quot;aperture&quot;:&quot;0&quot;,&quot;credit&quot;:&quot;&quot;,&quot;camera&quot;:&quot;&quot;,&quot;caption&quot;:&quot;&quot;,&quot;created_timestamp&quot;:&quot;0&quot;,&quot;copyright&quot;:&quot;&quot;,&quot;focal_length&quot;:&quot;0&quot;,&quot;iso&quot;:&quot;0&quot;,&quot;shutter_speed&quot;:&quot;0&quot;,&quot;title&quot;:&quot;&quot;,&quot;orientation&quot;:&quot;0&quot;}\" data-image-title=\"vignettePR\" data-image-description=\"\" data-image-caption=\"\" data-large-file=\"https:\/\/i0.wp.com\/lespassereves.fr\/wp-content\/uploads\/2017\/12\/vignettePR.png?fit=164%2C173\" class=\"alignnone size-full wp-image-854\" src=\"https:\/\/i0.wp.com\/lespassereves.fr\/wp-content\/uploads\/2017\/12\/vignettePR.png?resize=164%2C173\" alt=\"\" width=\"164\" height=\"173\" \/><\/p>\n<p style=\"text-align: justify;\"><span style=\"font-family: tahoma,arial,helvetica,sans-serif; color: #0000ff;\"><strong>La Compagnie des Passe R\u00eaves<\/strong> compte aujourd&rsquo;hui 4 formateurs chevronn\u00e9s en cette nouvelle saison 2025-2026<\/span><\/p>\n<p style=\"text-align: left;\"><span style=\"color: #ff00ff; font-family: tahoma,arial,helvetica,sans-serif; font-size: 14pt;\"><strong>Vanessa et <\/strong><\/span><span style=\"color: #ff00ff; font-family: tahoma,arial,helvetica,sans-serif; font-size: 14pt;\"><strong>Fran\u00e7ois<\/strong><\/span><\/p>\n<p style=\"text-align: left;\">pour les ateliers du mercredi<\/p>\n<p style=\"text-align: left;\">\n<p style=\"text-align: left;\"><span style=\"color: #ff00ff; font-family: tahoma,arial,helvetica,sans-serif; font-size: 14pt;\"><strong>Julien et Nicolas<\/strong><\/span><\/p>\n<p style=\"text-align: left;\">pour les ateliers du jeudi<\/p>\n<p style=\"text-align: center;\">\n<p style=\"text-align: justify;\">\n<p style=\"text-align: center;\">\n","protected":false},"excerpt":{"rendered":"<p>La Compagnie des Passe R\u00eaves compte aujourd&rsquo;hui 4 formateurs chevronn\u00e9s en cette nouvelle saison 2025-2026 Vanessa et Fran\u00e7ois pour les ateliers du mercredi Julien et Nicolas pour les ateliers du jeudi<\/p>\n","protected":false},"author":1,"featured_media":0,"parent":645,"menu_order":19,"comment_status":"closed","ping_status":"closed","template":"","meta":{"jetpack_post_was_ever_published":false,"footnotes":""},"class_list":["post-32","page","type-page","status-publish","hentry","without-featured-image"],"jetpack_sharing_enabled":true,"jetpack_shortlink":"https:\/\/wp.me\/P7LDIs-w","jetpack_likes_enabled":true,"_links":{"self":[{"href":"http:\/\/lespassereves.fr\/index.php\/wp-json\/wp\/v2\/pages\/32","targetHints":{"allow":["GET"]}}],"collection":[{"href":"http:\/\/lespassereves.fr\/index.php\/wp-json\/wp\/v2\/pages"}],"about":[{"href":"http:\/\/lespassereves.fr\/index.php\/wp-json\/wp\/v2\/types\/page"}],"author":[{"embeddable":true,"href":"http:\/\/lespassereves.fr\/index.php\/wp-json\/wp\/v2\/users\/1"}],"replies":[{"embeddable":true,"href":"http:\/\/lespassereves.fr\/index.php\/wp-json\/wp\/v2\/comments?post=32"}],"version-history":[{"count":18,"href":"http:\/\/lespassereves.fr\/index.php\/wp-json\/wp\/v2\/pages\/32\/revisions"}],"predecessor-version":[{"id":3873,"href":"http:\/\/lespassereves.fr\/index.php\/wp-json\/wp\/v2\/pages\/32\/revisions\/3873"}],"up":[{"embeddable":true,"href":"http:\/\/lespassereves.fr\/index.php\/wp-json\/wp\/v2\/pages\/645"}],"wp:attachment":[{"href":"http:\/\/lespassereves.fr\/index.php\/wp-json\/wp\/v2\/media?parent=32"}],"curies":[{"name":"wp","href":"https:\/\/api.w.org\/{rel}","templated":true}]}}