{"id":3339,"date":"2021-10-26T14:40:41","date_gmt":"2021-10-26T13:40:41","guid":{"rendered":"http:\/\/lespassereves.fr\/?page_id=3339"},"modified":"2021-10-26T14:40:41","modified_gmt":"2021-10-26T13:40:41","slug":"spectacle-jeune-public-sauver-noel-tours-yvelines-indre-et-loire","status":"publish","type":"page","link":"http:\/\/lespassereves.fr\/index.php\/spectacle-jeune-public-sauver-noel-tours-yvelines-indre-et-loire\/","title":{"rendered":"Spectacle Jeune Public &#8211; Sauver No\u00ebl &#8211;  Tours Yvelines Indre et Loire"},"content":{"rendered":"<h1>Petits et grandes, une incroyable mission vous attend !<\/h1>\n<p>Chers humains,<\/p>\n<p>Figurez vous que la magie de no\u00ebl a disparu&#8230;<\/p>\n<p>Nous sommes des cr\u00e9atures mythiques : la Lutinette aux flocons, La G\u00e9ante aux \u00e9toiles et le p\u00e8re-no\u00ebl en personne. Cet hiver, c\u2019est la panique !<\/p>\n<p>Heureusement, nous n&rsquo;avons pas dit notre dernier mot ! Nous avons quitt\u00e9 notre monde magique pour vous convier \u00e0 cette folle aventure.<\/p>\n<p><img data-recalc-dims=\"1\" loading=\"lazy\" decoding=\"async\" data-attachment-id=\"3353\" data-permalink=\"http:\/\/lespassereves.fr\/index.php\/spectacle-jeune-public-sauver-noel-tours-yvelines-indre-et-loire\/sauvons-noel-spectacle-jeune-public-emma\/#main\" data-orig-file=\"https:\/\/i0.wp.com\/lespassereves.fr\/wp-content\/uploads\/2021\/10\/sauvons-noel-spectacle-jeune-public-emma.png?fit=306%2C239\" data-orig-size=\"306,239\" data-comments-opened=\"1\" data-image-meta=\"{&quot;aperture&quot;:&quot;0&quot;,&quot;credit&quot;:&quot;&quot;,&quot;camera&quot;:&quot;&quot;,&quot;caption&quot;:&quot;&quot;,&quot;created_timestamp&quot;:&quot;0&quot;,&quot;copyright&quot;:&quot;&quot;,&quot;focal_length&quot;:&quot;0&quot;,&quot;iso&quot;:&quot;0&quot;,&quot;shutter_speed&quot;:&quot;0&quot;,&quot;title&quot;:&quot;&quot;,&quot;orientation&quot;:&quot;0&quot;}\" data-image-title=\"sauvons noel spectacle jeune public emma\" data-image-description=\"\" data-image-caption=\"&lt;p&gt;sauvons-noel-spectacle-jeune-public&lt;\/p&gt;\n\" data-large-file=\"https:\/\/i0.wp.com\/lespassereves.fr\/wp-content\/uploads\/2021\/10\/sauvons-noel-spectacle-jeune-public-emma.png?fit=306%2C239\" class=\"aligncenter wp-image-3353 size-full\" src=\"https:\/\/i0.wp.com\/lespassereves.fr\/wp-content\/uploads\/2021\/10\/sauvons-noel-spectacle-jeune-public-emma.png?resize=306%2C239\" alt=\"sauvons-noel-spectacle-jeune-public\" width=\"306\" height=\"239\" srcset=\"https:\/\/i0.wp.com\/lespassereves.fr\/wp-content\/uploads\/2021\/10\/sauvons-noel-spectacle-jeune-public-emma.png?w=306 306w, https:\/\/i0.wp.com\/lespassereves.fr\/wp-content\/uploads\/2021\/10\/sauvons-noel-spectacle-jeune-public-emma.png?resize=300%2C234 300w\" sizes=\"auto, (max-width: 306px) 100vw, 306px\" \/><\/p>\n<p>Entre humour, fantastique et rebondissements, nous esp\u00e9rons que cette mission nous transformera. Parce que nous aussi, depuis notre univers magique, on r\u00eave d&rsquo;un monde un peu plus beau, alors r\u00eavons le ensemble ! De quoi pr\u00e9parer ses bonnes r\u00e9solutions et avoir de jolis cadeaux !<\/p>\n<p>&nbsp;<\/p>\n<p>Sign\u00e9 Flocinette, Stellita et Petit-papa No\u00ebl<\/p>\n<h2 style=\"text-align: center;\"><b>Modalit\u00e9s techniques :<\/b><\/h2>\n<p>Nous pouvons amener notre univers f\u00e9erique dans diff\u00e9rents lieux ! Nous avons besoin d&rsquo;un espace sc\u00e9nique d&rsquo;au moins 5m d&rsquo;ouverture X 4m de profondeur.<\/p>\n<p>Un espace sc\u00e9nique noir et obscur est pr\u00e9f\u00e9rable.<\/p>\n<p>La compagnie est autonome. Toutefois, la pr\u00e9sence d&rsquo;une personne connaissant parfaitement les lieux d&rsquo;accueil (installation \u00e9lectrique, points d&rsquo;eau&#8230;) est souhaitable avant la repr\u00e9sentation. D&rsquo;ailleurs, pour que la magie op\u00e8re sans limite, nous pr\u00e9f\u00e9rons visiter la salle avant la repr\u00e9sentation !<\/p>\n<p>Public : \u00e0 partir de 6 ans<\/p>\n<p>Personnel en tourn\u00e9e : 3 com\u00e9diens + 1 regisseur<\/p>\n<p>Format : 45 minutes<\/p>\n<p>Temps de montage et de d\u00e9montage n\u00e9cessaire : 45 minutes<\/p>\n<p>\u00e9criture : Marie-Laure Pujar et Emma Pujar<\/p>\n<p>Mise en sc\u00e8ne collective r\u00e9alis\u00e9e par : Marie-Laure Pujar et Emma Pujar<\/p>\n<p><img data-recalc-dims=\"1\" loading=\"lazy\" decoding=\"async\" data-attachment-id=\"3351\" data-permalink=\"http:\/\/lespassereves.fr\/index.php\/spectacle-jeune-public-sauver-noel-tours-yvelines-indre-et-loire\/sauvons-noel-spectacle-jeune-public-marie-laure\/#main\" data-orig-file=\"https:\/\/i0.wp.com\/lespassereves.fr\/wp-content\/uploads\/2021\/10\/sauvons-noel-spectacle-jeune-public-marie-laure.png?fit=270%2C226\" data-orig-size=\"270,226\" data-comments-opened=\"1\" data-image-meta=\"{&quot;aperture&quot;:&quot;0&quot;,&quot;credit&quot;:&quot;&quot;,&quot;camera&quot;:&quot;&quot;,&quot;caption&quot;:&quot;&quot;,&quot;created_timestamp&quot;:&quot;0&quot;,&quot;copyright&quot;:&quot;&quot;,&quot;focal_length&quot;:&quot;0&quot;,&quot;iso&quot;:&quot;0&quot;,&quot;shutter_speed&quot;:&quot;0&quot;,&quot;title&quot;:&quot;&quot;,&quot;orientation&quot;:&quot;0&quot;}\" data-image-title=\"sauvons noel spectacle jeune public marie laure\" data-image-description=\"\" data-image-caption=\"\" data-large-file=\"https:\/\/i0.wp.com\/lespassereves.fr\/wp-content\/uploads\/2021\/10\/sauvons-noel-spectacle-jeune-public-marie-laure.png?fit=270%2C226\" class=\"size-full wp-image-3351 aligncenter\" src=\"https:\/\/i0.wp.com\/lespassereves.fr\/wp-content\/uploads\/2021\/10\/sauvons-noel-spectacle-jeune-public-marie-laure.png?resize=270%2C226\" alt=\"sauvons-noel-spectacle-jeune-public-\" width=\"270\" height=\"226\" \/><\/p>\n<p>&nbsp;<\/p>\n<h3 style=\"text-align: center;\"><b>Contact<\/b><\/h3>\n<p>Emma Pujar : 06.05.40.65.87<\/p>\n<p><a href=\"mailto:pujemma@gmail.com\" target=\"_blank\" rel=\"noopener noreferrer\">pujemma@gmail.com<\/a><\/p>\n<p>Marie-Laure Pujar : 06.87.19.29.86<\/p>\n<p><a href=\"mailto:feezene@yahoo.fr\" target=\"_blank\" rel=\"noopener noreferrer\">feezene@yahoo.fr<\/a><\/p>\n<p><b>Note d&rsquo;intention\u00a0<\/b><\/p>\n<h4><b>Un spectacle de No\u00ebl pour quoi faire ?\u00a0<\/b><\/h4>\n<p>Pour raviver la magie ! No\u00ebl est une p\u00e9riode propice \u00e0 l&rsquo;imagination et au merveilleux qui fascine petits et grands enfants. Mais n&rsquo;oublions pas que ces festivit\u00e9s nous encouragent \u00e0 \u00eatre solidaires. Les plus beaux cadeaux que l&rsquo;on re\u00e7oit ne sont pas toujours ceux bien emball\u00e9s, mais les petits miracles impromptus, les actes de bienveillance inattendus, les retrouvailles, la douceur et la joie d&rsquo;\u00eatre en famille. Nous souhaitons repr\u00e9senter ces multiples facettes de No\u00ebl aux familles, en se les appropriant \u00e0 travers une histoire f\u00e9erique et loufoque. Bien entendu, nous avons connect\u00e9 ces th\u00e8mes \u00e0 des enjeux d&rsquo;actualit\u00e9 et des valeurs universelles, en abordant la fr\u00e9n\u00e9sie de notre soci\u00e9t\u00e9 contemporaine et l&rsquo;importance de l&rsquo;\u00e9coute notamment. Forts de tous ces v\u0153ux bien ambitieux, avouons-le, nous esp\u00e9rons r\u00e9chauffer les c\u0153urs, et y allumer quelques \u00e9tincelles !<\/p>\n<p><img data-recalc-dims=\"1\" loading=\"lazy\" decoding=\"async\" data-attachment-id=\"3352\" data-permalink=\"http:\/\/lespassereves.fr\/index.php\/spectacle-jeune-public-sauver-noel-tours-yvelines-indre-et-loire\/sauvons-noel-spectacle-jeune-public-emma-1\/#main\" data-orig-file=\"https:\/\/i0.wp.com\/lespassereves.fr\/wp-content\/uploads\/2021\/10\/sauvons-noel-spectacle-jeune-public-emma-1.png?fit=310%2C450\" data-orig-size=\"310,450\" data-comments-opened=\"1\" data-image-meta=\"{&quot;aperture&quot;:&quot;0&quot;,&quot;credit&quot;:&quot;&quot;,&quot;camera&quot;:&quot;&quot;,&quot;caption&quot;:&quot;&quot;,&quot;created_timestamp&quot;:&quot;0&quot;,&quot;copyright&quot;:&quot;&quot;,&quot;focal_length&quot;:&quot;0&quot;,&quot;iso&quot;:&quot;0&quot;,&quot;shutter_speed&quot;:&quot;0&quot;,&quot;title&quot;:&quot;&quot;,&quot;orientation&quot;:&quot;0&quot;}\" data-image-title=\"sauvons noel spectacle jeune public emma 1\" data-image-description=\"\" data-image-caption=\"\" data-large-file=\"https:\/\/i0.wp.com\/lespassereves.fr\/wp-content\/uploads\/2021\/10\/sauvons-noel-spectacle-jeune-public-emma-1.png?fit=310%2C450\" class=\"size-full wp-image-3352 aligncenter\" src=\"https:\/\/i0.wp.com\/lespassereves.fr\/wp-content\/uploads\/2021\/10\/sauvons-noel-spectacle-jeune-public-emma-1.png?resize=310%2C450\" alt=\"\" width=\"310\" height=\"450\" srcset=\"https:\/\/i0.wp.com\/lespassereves.fr\/wp-content\/uploads\/2021\/10\/sauvons-noel-spectacle-jeune-public-emma-1.png?w=310 310w, https:\/\/i0.wp.com\/lespassereves.fr\/wp-content\/uploads\/2021\/10\/sauvons-noel-spectacle-jeune-public-emma-1.png?resize=207%2C300 207w, https:\/\/i0.wp.com\/lespassereves.fr\/wp-content\/uploads\/2021\/10\/sauvons-noel-spectacle-jeune-public-emma-1.png?resize=262%2C380 262w\" sizes=\"auto, (max-width: 310px) 100vw, 310px\" \/><\/p>\n<p>&nbsp;<\/p>\n<h5>Comment faire exister ces personnages fantastiques dont nous r\u00eavons ?<\/h5>\n<p>\u00ab\u00a0<i>C&rsquo;est la magie du th\u00e9\u00e2tre,\u00a0magie du th\u00e9\u00e2tre : ce souffle, ce verbe, ce vide, ce rien qui deviennent tout. Cette absence qui se comble pour nous\u00a0\u00bb<\/i><\/p>\n<p>Nous souhaitons faire exister la magie et l&rsquo;univers des f\u00eates avec po\u00e9sie et cr\u00e9ativit\u00e9. C&rsquo;est donc tout naturellement que nous avons choisi de travailler sur la lumi\u00e8re, elle un appui de jeu pour les conteurs, et la structuration de l&rsquo;espace. Le rythme du spectacle est celui d&rsquo;une aventure folle, profond\u00e9ment humaine, mais aussi profond\u00e9ment magique ! Danse, th\u00e9\u00e2tre corporel et clown s&rsquo;entrem\u00ealent inlassablement dans cette cr\u00e9ation onirique et hybride. La parole cont\u00e9e se fait support du corps des com\u00e9diens. Ces personnages voyagent en temps r\u00e9el avec le public, vers le burlesque, l&rsquo;exaltation, le d\u00e9sespoir, la folie et la douceur. Leur seule constance est le pr\u00e9sent, l&rsquo;instant qu&rsquo;ils habillent de sinc\u00e9rit\u00e9.<\/p>\n<h6><b>Actions culturelles et p\u00e9dagogiques\u00a0<\/b><\/h6>\n<p><b>Activit\u00e9s possibles en lien avec le spectacle : pour les centres a\u00e9r\u00e9s, \u00e9coles &#8230;<\/b><\/p>\n<p>Selon les souhaits de nos interlocuteurs, nous proposons souvent un temps d\u2019\u00e9change \u00e0 l\u2019issue de la repr\u00e9sentation. Ainsi, les enfants et leurs familles peuvent \u00e9changer et exprimer leur ressenti. C\u2019est aussi l\u2019occasion de prolonger la mise en perspective des th\u00e8mes du spectacle.<\/p>\n<p>&nbsp;<\/p>\n<p>Nous pouvons organiser une initiation aux contes sur 1 \u00e0 3 s\u00e9ances \u00e0 partir de la moyenne section (minimum 4 ans) en s\u2019appuyant sur le spectacle qu\u2019ils auront vu pr\u00e9alablement. Ainsi, les enfants seront sensibilis\u00e9s par la pratique et d\u00e9velopperont leur capacit\u00e9 d\u2019imagination et d\u2019expression. Ces ateliers d\u2019initiation sont aussi envisageables avec des groupes m\u00e9langeant parents et enfants, l\u2019id\u00e9al pour un moment de partage unique !<\/p>\n","protected":false},"excerpt":{"rendered":"<p>Petits et grandes, une incroyable mission vous attend ! Chers humains, Figurez vous que la magie de no\u00ebl a disparu&#8230; Nous sommes des cr\u00e9atures mythiques : la Lutinette aux flocons, La G\u00e9ante aux \u00e9toiles et le p\u00e8re-no\u00ebl en personne. Cet hiver, c\u2019est la panique ! Heureusement, nous n&rsquo;avons pas dit notre dernier mot ! Nous &hellip; <a href=\"http:\/\/lespassereves.fr\/index.php\/spectacle-jeune-public-sauver-noel-tours-yvelines-indre-et-loire\/\" class=\"more-link\">Lire la suite <span class=\"screen-reader-text\">Spectacle Jeune Public &#8211; Sauver No\u00ebl &#8211;  Tours Yvelines Indre et Loire<\/span><\/a><\/p>\n","protected":false},"author":1,"featured_media":0,"parent":0,"menu_order":0,"comment_status":"closed","ping_status":"closed","template":"","meta":{"jetpack_post_was_ever_published":false,"footnotes":""},"class_list":["post-3339","page","type-page","status-publish","hentry","without-featured-image"],"jetpack_sharing_enabled":true,"jetpack_shortlink":"https:\/\/wp.me\/P7LDIs-RR","jetpack_likes_enabled":true,"_links":{"self":[{"href":"http:\/\/lespassereves.fr\/index.php\/wp-json\/wp\/v2\/pages\/3339","targetHints":{"allow":["GET"]}}],"collection":[{"href":"http:\/\/lespassereves.fr\/index.php\/wp-json\/wp\/v2\/pages"}],"about":[{"href":"http:\/\/lespassereves.fr\/index.php\/wp-json\/wp\/v2\/types\/page"}],"author":[{"embeddable":true,"href":"http:\/\/lespassereves.fr\/index.php\/wp-json\/wp\/v2\/users\/1"}],"replies":[{"embeddable":true,"href":"http:\/\/lespassereves.fr\/index.php\/wp-json\/wp\/v2\/comments?post=3339"}],"version-history":[{"count":5,"href":"http:\/\/lespassereves.fr\/index.php\/wp-json\/wp\/v2\/pages\/3339\/revisions"}],"predecessor-version":[{"id":3357,"href":"http:\/\/lespassereves.fr\/index.php\/wp-json\/wp\/v2\/pages\/3339\/revisions\/3357"}],"wp:attachment":[{"href":"http:\/\/lespassereves.fr\/index.php\/wp-json\/wp\/v2\/media?parent=3339"}],"curies":[{"name":"wp","href":"https:\/\/api.w.org\/{rel}","templated":true}]}}