{"id":431,"date":"2017-02-21T22:21:07","date_gmt":"2017-02-21T21:21:07","guid":{"rendered":"http:\/\/lespassereves.fr\/?page_id=431"},"modified":"2025-09-28T18:37:33","modified_gmt":"2025-09-28T17:37:33","slug":"team-building-tours-yvelines","status":"publish","type":"page","link":"http:\/\/lespassereves.fr\/index.php\/prestations-theatrales\/team-building-tours-yvelines\/","title":{"rendered":"Team Building  &#8211; L&rsquo;impro Th\u00e9\u00e2tre \u00e0 votre service"},"content":{"rendered":"\n<p><\/p>\n\n\n\n<p><\/p>\n\n\n<h1 style=\"text-align: center;\"><span style=\"font-size: 24px; color: #0000ff;\">Team Building &#8211; Nos prestations<\/span><\/h1>\n<p><span style=\"color: #ff00ff;\">A l&rsquo;aide du Team Building, l&rsquo;entreprise devient notre terrain d&rsquo;investigation.<\/span><\/p>\n<p style=\"text-align: center;\"><img data-recalc-dims=\"1\" loading=\"lazy\" decoding=\"async\" data-attachment-id=\"1310\" data-permalink=\"http:\/\/lespassereves.fr\/index.php\/prestations-theatrales\/team-building-tours-yvelines\/entreprise-passe-reves-team-building\/#main\" data-orig-file=\"https:\/\/i0.wp.com\/lespassereves.fr\/wp-content\/uploads\/2018\/07\/entreprise-passe-reves-team-building.jpg?fit=856%2C444\" data-orig-size=\"856,444\" data-comments-opened=\"1\" data-image-meta=\"{&quot;aperture&quot;:&quot;0&quot;,&quot;credit&quot;:&quot;&quot;,&quot;camera&quot;:&quot;&quot;,&quot;caption&quot;:&quot;&quot;,&quot;created_timestamp&quot;:&quot;0&quot;,&quot;copyright&quot;:&quot;&quot;,&quot;focal_length&quot;:&quot;0&quot;,&quot;iso&quot;:&quot;0&quot;,&quot;shutter_speed&quot;:&quot;0&quot;,&quot;title&quot;:&quot;&quot;,&quot;orientation&quot;:&quot;0&quot;}\" data-image-title=\"entreprise-passe-reves-team-building\" data-image-description=\"\" data-image-caption=\"\" data-large-file=\"https:\/\/i0.wp.com\/lespassereves.fr\/wp-content\/uploads\/2018\/07\/entreprise-passe-reves-team-building.jpg?fit=620%2C322\" class=\"alignnone wp-image-1310 size-medium\" src=\"https:\/\/i0.wp.com\/lespassereves.fr\/wp-content\/uploads\/2018\/07\/entreprise-passe-reves-team-building.jpg?resize=300%2C156\" alt=\"Team Building Tours Yvelines Th\u00e9\u00e2tre d'entreprise\" width=\"300\" height=\"156\" srcset=\"https:\/\/i0.wp.com\/lespassereves.fr\/wp-content\/uploads\/2018\/07\/entreprise-passe-reves-team-building.jpg?resize=300%2C156 300w, https:\/\/i0.wp.com\/lespassereves.fr\/wp-content\/uploads\/2018\/07\/entreprise-passe-reves-team-building.jpg?resize=768%2C398 768w, https:\/\/i0.wp.com\/lespassereves.fr\/wp-content\/uploads\/2018\/07\/entreprise-passe-reves-team-building.jpg?resize=733%2C380 733w, https:\/\/i0.wp.com\/lespassereves.fr\/wp-content\/uploads\/2018\/07\/entreprise-passe-reves-team-building.jpg?w=856 856w\" sizes=\"auto, (max-width: 300px) 100vw, 300px\" \/><\/p>\n<p>\u00a0<\/p>\n<p><span style=\"color: #ff00ff;\">En ce qui nous concerne, les points communs \u00e0 toutes ces prestations sont bienveillance, \u00e9coute et mieux vivre ensemble. Les enjeux sont nombreux, entre autre, identifier les probl\u00e9matiques et redonner du sens. <span class=\"words\"><span class=\"keyword keyword3bis tab\" data-value=\"coh\u00e9sion d'\u00e9quipe\">coh\u00e9sion d&rsquo;\u00e9quipe<\/span><\/span>, Th\u00e9\u00e2tre Forum, <span class=\"words\"><span class=\"keyword keyword3bis tab\" data-value=\"courts-m\u00e9trages\">courts-m\u00e9trages<\/span><\/span> et <span class=\"words\"><span class=\"keyword keyword3bis tab\" data-value=\"prise de parole en public\">prise de parole en public<\/span><\/span> sont au programme.<\/span><\/p>\n<h3><img data-recalc-dims=\"1\" loading=\"lazy\" decoding=\"async\" data-attachment-id=\"1051\" data-permalink=\"http:\/\/lespassereves.fr\/index.php\/prestations-theatrales\/team-building-tours-yvelines\/trait-bleu-titre\/#main\" data-orig-file=\"https:\/\/i0.wp.com\/lespassereves.fr\/wp-content\/uploads\/2018\/02\/trait-bleu-titre.png?fit=854%2C81\" data-orig-size=\"854,81\" data-comments-opened=\"1\" data-image-meta=\"{&quot;aperture&quot;:&quot;0&quot;,&quot;credit&quot;:&quot;&quot;,&quot;camera&quot;:&quot;&quot;,&quot;caption&quot;:&quot;&quot;,&quot;created_timestamp&quot;:&quot;0&quot;,&quot;copyright&quot;:&quot;&quot;,&quot;focal_length&quot;:&quot;0&quot;,&quot;iso&quot;:&quot;0&quot;,&quot;shutter_speed&quot;:&quot;0&quot;,&quot;title&quot;:&quot;&quot;,&quot;orientation&quot;:&quot;0&quot;}\" data-image-title=\"trait-bleu-titre\" data-image-description=\"\" data-image-caption=\"\" data-large-file=\"https:\/\/i0.wp.com\/lespassereves.fr\/wp-content\/uploads\/2018\/02\/trait-bleu-titre.png?fit=620%2C59\" class=\"aligncenter wp-image-1051 size-medium\" src=\"https:\/\/i0.wp.com\/lespassereves.fr\/wp-content\/uploads\/2018\/02\/trait-bleu-titre.png?resize=300%2C28\" alt=\"Th\u00e9\u00e2tre d'entreprise\" width=\"300\" height=\"28\" srcset=\"https:\/\/i0.wp.com\/lespassereves.fr\/wp-content\/uploads\/2018\/02\/trait-bleu-titre.png?resize=300%2C28 300w, https:\/\/i0.wp.com\/lespassereves.fr\/wp-content\/uploads\/2018\/02\/trait-bleu-titre.png?resize=768%2C73 768w, https:\/\/i0.wp.com\/lespassereves.fr\/wp-content\/uploads\/2018\/02\/trait-bleu-titre.png?w=854 854w\" sizes=\"auto, (max-width: 300px) 100vw, 300px\" \/><\/h3>\n<h2 style=\"text-align: center;\"><span style=\"color: #ff0000;\"><strong>Le champ des possibles Team Building :<\/strong><\/span><\/h2>\n<h3 style=\"text-align: center;\"><span style=\"font-size: 18pt; color: #0000ff;\"><strong>Spectacle d\u2019impro<\/strong><\/span><\/h3>\n<p><span style=\"font-size: 14pt; color: #ff00ff;\">Avant tout, l\u2019improvisation th\u00e9\u00e2trale est pour nous un excellent vecteur <\/span><span style=\"font-size: 14pt; color: #ff00ff;\">pour favoriser le vivre ensemble.<\/span><br \/><span style=\"font-size: 14pt; color: #ff00ff;\"> Ainsi, par son interm\u00e9diaire, nous proposons des spectacles interactifs. Et ainsi, l<\/span><span style=\"font-size: 14pt; color: #ff00ff;\">e public se fait complice.<\/span><\/p>\n<h3 style=\"text-align: center;\"><span style=\"color: #0000ff;\"><strong><span style=\"font-size: 18pt;\">Forum <\/span><\/strong><\/span><span style=\"font-size: 18pt; color: #0000ff;\"><strong>Th\u00e9\u00e2tre <\/strong><\/span><\/h3>\n<p style=\"text-align: left;\"><span style=\"color: #ff00ff; font-size: 14pt;\">Traitons ensemble des situations qui posent question.<\/span><br \/><span style=\"color: #ff00ff; font-size: 14pt;\"> A l\u2019aide de sayn\u00e8tes, nous abordons toutes sortes de th\u00e9matiques.<\/span><br \/><span style=\"color: #ff00ff; font-size: 14pt;\"> Des moments de vie sont mis en perspective par les com\u00e9diens.<\/span><br \/><span style=\"color: #ff00ff; font-size: 14pt;\"> Le public est amen\u00e9 \u00e0 intervenir pour donner un point de vue sous un angle diff\u00e9rent.<\/span><\/p>\n<h3 style=\"text-align: center;\"><span style=\"font-size: 18px; color: #0000ff;\"><strong>Team Building<\/strong><\/span><\/h3>\n<p><span class=\"notranslate\" style=\"color: #ff00ff; font-size: 14pt;\">De multiples raisons am\u00e8nent les entreprises \u00e0 utiliser des activit\u00e9s de coh\u00e9sion d\u2019\u00e9quipe. Parmi celles-ci, il y a notamment : am\u00e9liorer la communication, stimuler le moral et la motivation.<br \/>Au travers de diff\u00e9rents exercices tr\u00e8s efficaces, nous parvenons rapidement \u00e0 briser la glace et aider chacun \u00e0 mieux se connecter les uns aux autres.<br \/>Les bienfaits de ces rencontres sont d\u2019am\u00e9liorer la productivit\u00e9, l\u2019apprentissage de ses forces et faiblesses et beaucoup d\u2019autres.<\/span><\/p>\n<h3 style=\"text-align: center;\"><span style=\"color: #0000ff; font-size: 18pt;\"><strong>Prise de parole en public<\/strong><\/span><\/h3>\n<p><span class=\"notranslate\" style=\"font-size: 14pt; color: #ff00ff;\">Que nous discutions en r\u00e9union d&rsquo;\u00e9quipe ou que nous soyons devant un public, nous sommes tous amener \u00e0 prendre la parole.<br \/><\/span><span style=\"font-size: 14pt; color: #ff00ff;\"><span class=\"notranslate\">L&rsquo;impact peut \u00eatre grand sur l&rsquo;image cr\u00e9\u00e9e \u00e0 ces occasions.\u00a0<\/span> <span class=\"notranslate\">C&rsquo;est pourquoi parler en public provoque tellement d&rsquo;anxi\u00e9t\u00e9 et d&rsquo;inqui\u00e9tude.<br \/><\/span><\/span><span class=\"notranslate\" style=\"font-size: 14pt; color: #ff00ff;\">Les bonnes nouvelles sont que, avec une pr\u00e9paration et une pratique approfondies, vous pouvez surmonter votre nervosit\u00e9 et effectuer une belle prestation \u00e0 l&rsquo;oral.<\/span><\/p>\n<h3 style=\"text-align: center;\"><span style=\"color: #0000ff; font-size: 18pt;\"><strong>(par)courts-m\u00e9trages<\/strong><\/span><\/h3>\n<p><span class=\"notranslate\" style=\"font-size: 14pt; color: #ff00ff;\">Ensemble, cr\u00e9ons !<br \/>Court-m\u00e9trage \u00e0 construire de toutes pi\u00e8ces. Tout est \u00e0 b\u00e2tir, de l&rsquo;\u00e9criture du sc\u00e9nario \u00e0 la distribution des diff\u00e9rents r\u00f4les en passant par la r\u00e9alisation.<br \/><\/span><\/p>\n<p style=\"text-align: center;\"><strong><img data-recalc-dims=\"1\" loading=\"lazy\" decoding=\"async\" data-attachment-id=\"1051\" data-permalink=\"http:\/\/lespassereves.fr\/index.php\/prestations-theatrales\/team-building-tours-yvelines\/trait-bleu-titre\/#main\" data-orig-file=\"https:\/\/i0.wp.com\/lespassereves.fr\/wp-content\/uploads\/2018\/02\/trait-bleu-titre.png?fit=854%2C81\" data-orig-size=\"854,81\" data-comments-opened=\"1\" data-image-meta=\"{&quot;aperture&quot;:&quot;0&quot;,&quot;credit&quot;:&quot;&quot;,&quot;camera&quot;:&quot;&quot;,&quot;caption&quot;:&quot;&quot;,&quot;created_timestamp&quot;:&quot;0&quot;,&quot;copyright&quot;:&quot;&quot;,&quot;focal_length&quot;:&quot;0&quot;,&quot;iso&quot;:&quot;0&quot;,&quot;shutter_speed&quot;:&quot;0&quot;,&quot;title&quot;:&quot;&quot;,&quot;orientation&quot;:&quot;0&quot;}\" data-image-title=\"trait-bleu-titre\" data-image-description=\"\" data-image-caption=\"\" data-large-file=\"https:\/\/i0.wp.com\/lespassereves.fr\/wp-content\/uploads\/2018\/02\/trait-bleu-titre.png?fit=620%2C59\" class=\"alignnone wp-image-1051 size-medium\" src=\"https:\/\/i0.wp.com\/lespassereves.fr\/wp-content\/uploads\/2018\/02\/trait-bleu-titre.png?resize=300%2C28\" alt=\"Th\u00e9\u00e2tre d'entreprise\" width=\"300\" height=\"28\" srcset=\"https:\/\/i0.wp.com\/lespassereves.fr\/wp-content\/uploads\/2018\/02\/trait-bleu-titre.png?resize=300%2C28 300w, https:\/\/i0.wp.com\/lespassereves.fr\/wp-content\/uploads\/2018\/02\/trait-bleu-titre.png?resize=768%2C73 768w, https:\/\/i0.wp.com\/lespassereves.fr\/wp-content\/uploads\/2018\/02\/trait-bleu-titre.png?w=854 854w\" sizes=\"auto, (max-width: 300px) 100vw, 300px\" \/><\/strong><\/p>\n<h4>\u00e0 Tours, la Verri\u00e8re, ou ailleurs, rencontrons-nous !<\/h4>\n<p><span style=\"font-size: 14pt;\"><span style=\"color: #0000ff;\">Toutefois, nous serons ravis d&rsquo;\u00e9changer avec vous autour du Team Building !<\/span><br \/><a href=\"mailto:lespassereves@gmail.com\">\u00a0Prenons contact<\/a><span style=\"color: #0000ff;\">\u00a0!<\/span><\/span><\/p>\n<h6><span style=\"font-size: 14px;\">Le Team Building des Passe R\u00eaves en quelques vers :<\/span><\/h6>\n<p><span style=\"color: #ff00ff;\">De nos jours o\u00f9 les r\u00eaves prennent vie,<\/span><br \/><span style=\"color: #ff00ff;\">O\u00f9 le succ\u00e8s attend, du moins en \u00e9claircie,<\/span><br \/><span style=\"color: #ff00ff;\">Il est un art, ou bien une voie \u00e0 suivre,<\/span><br \/><span style=\"color: #ff00ff;\">Pour qu&rsquo;en \u00e9quipe, tout un chacun se livre.<\/span><\/p>\n<p><span style=\"color: #ff00ff;\">Le team building est \u00e9galement un doux refrain,<\/span><br \/><span style=\"color: #ff00ff;\">O\u00f9 chacun s&rsquo;unit, main dans la main,<\/span><br \/><span style=\"color: #ff00ff;\">Pour construire des ponts, des liens d&rsquo;acier,<\/span><br \/><span style=\"color: #ff00ff;\">Et ensemble, des sommets atteindre, secrets \u00e9clair\u00e9s.<\/span><\/p>\n<p><span style=\"color: #ff00ff;\">Des activit\u00e9s vari\u00e9es, des jeux en plein air,<\/span><br \/><span style=\"color: #ff00ff;\">D&rsquo;o\u00f9 rires et d\u00e9fis se m\u00ealent en lumi\u00e8re,<\/span><br \/><span style=\"color: #ff00ff;\">Unis dans l&rsquo;esprit, forts dans le c\u0153ur,<\/span><br \/><span style=\"color: #ff00ff;\">Les membres grandissent dans une douce ferveur.<\/span><\/p>\n<p><span style=\"color: #ff00ff;\">L&rsquo;\u00e9coute devient une m\u00e9lodie douce,<\/span><br \/><span style=\"color: #ff00ff;\">Dans cette symphonie d&rsquo;o\u00f9 chacun pousse,<\/span><br \/><span style=\"color: #ff00ff;\">Les autres vers l&rsquo;avant, vers l&rsquo;horizon,<\/span><br \/><span style=\"color: #ff00ff;\">Un orchestre d&rsquo;id\u00e9es, sans d\u00e9saccord, sans frisson.<\/span><\/p>\n<p><span style=\"color: #ff00ff;\">Les d\u00e9fis surviennent, les \u00e9preuves sont l\u00e0,<\/span><br \/><span style=\"color: #ff00ff;\">Mais ensemble, on se rel\u00e8ve, pas \u00e0 pas,<\/span><br \/><span style=\"color: #ff00ff;\">Car dans le team building, ainsi on sait,<\/span><br \/><span style=\"color: #ff00ff;\">Que la somme des parties cr\u00e9e la cl\u00e9.<\/span><\/p>\n<p><span style=\"color: #ff00ff;\">Aussi la communication devient un fil d&rsquo;or,<\/span><br \/><span style=\"color: #ff00ff;\">Tissant les r\u00eaves ainsi que les projets les plus forts,<\/span><br \/><span style=\"color: #ff00ff;\">L&#8217;empathie fleurit tout comme une rose rare,<\/span><br \/><span style=\"color: #ff00ff;\">Dans ce jardin d&rsquo;\u00e9quipe o\u00f9 d\u00e9sormais tout peut se faire.<\/span><\/p>\n<p><span style=\"color: #ff00ff;\">Alors, que le team building soit notre guide,<\/span><br \/><span style=\"color: #ff00ff;\">Un tourbillon de changement, d&rsquo;amiti\u00e9 fluide,<\/span><br \/><span style=\"color: #ff00ff;\">Dans ce po\u00e8me de croissance et d&rsquo;espoir,<\/span><br \/><span style=\"color: #ff00ff;\">O\u00f9 ensemble, en fait nous cr\u00e9ons un futur en miroir.<\/span><\/p>\n<h6>Nous venons \u00e0 votre encontre :<\/h6>\n<p>Cependant, nous sommes pr\u00e9sents en Indre et Loire, paris, Yvelines, Ile de France, Eure et Loire et \u00e0 Aix en Provence, Fort de France, Aurillac, Mamers, La Ville aux Dames, St Cyr l\u2019\u00e9cole, enfin \u00e0 St R\u00e9my des Monts, B\u00e9ville le Comte, Theix-Noyalo.<\/p>\n<p>Mais aussi, \u00e0 Montlouis sur Loire, Jou\u00e9 les Tours, Pernay, St Pierre des Corps, Poc\u00e9 sur Cisse, Boussy St Antoine, Vernou sur Brenne, Amboise, Nouan le fuzelier, Le Mesnil St Denis, St Denis (La R\u00e9union), St Pierre (La R\u00e9union), Descartes, Cinais, \u00e9galement \u00e0 La Queue lez Yvelines, Veign\u00e9, Maurepas, St Prix, Lille, Vernouillet, Cachan, Limours, Chatillon, Dakar, Louvignies, Ecully, Soulvache et partout ailleurs<\/p>\n<p>\u00a0<\/p>","protected":false},"excerpt":{"rendered":"<p>Team Building &#8211; Nos prestations A l&rsquo;aide du Team Building, l&rsquo;entreprise devient notre terrain d&rsquo;investigation. \u00a0 En ce qui nous concerne, les points communs \u00e0 toutes ces prestations sont bienveillance, \u00e9coute et mieux vivre ensemble. Les enjeux sont nombreux, entre autre, identifier les probl\u00e9matiques et redonner du sens. coh\u00e9sion d&rsquo;\u00e9quipe, Th\u00e9\u00e2tre Forum, courts-m\u00e9trages et prise &hellip; <a href=\"http:\/\/lespassereves.fr\/index.php\/prestations-theatrales\/team-building-tours-yvelines\/\" class=\"more-link\">Lire la suite <span class=\"screen-reader-text\">Team Building  &#8211; L&rsquo;impro Th\u00e9\u00e2tre \u00e0 votre service<\/span><\/a><\/p>\n","protected":false},"author":1,"featured_media":0,"parent":707,"menu_order":2,"comment_status":"closed","ping_status":"closed","template":"","meta":{"jetpack_post_was_ever_published":false,"footnotes":""},"class_list":["post-431","page","type-page","status-publish","hentry","without-featured-image"],"jetpack_sharing_enabled":true,"jetpack_shortlink":"https:\/\/wp.me\/P7LDIs-6X","jetpack_likes_enabled":true,"_links":{"self":[{"href":"http:\/\/lespassereves.fr\/index.php\/wp-json\/wp\/v2\/pages\/431","targetHints":{"allow":["GET"]}}],"collection":[{"href":"http:\/\/lespassereves.fr\/index.php\/wp-json\/wp\/v2\/pages"}],"about":[{"href":"http:\/\/lespassereves.fr\/index.php\/wp-json\/wp\/v2\/types\/page"}],"author":[{"embeddable":true,"href":"http:\/\/lespassereves.fr\/index.php\/wp-json\/wp\/v2\/users\/1"}],"replies":[{"embeddable":true,"href":"http:\/\/lespassereves.fr\/index.php\/wp-json\/wp\/v2\/comments?post=431"}],"version-history":[{"count":69,"href":"http:\/\/lespassereves.fr\/index.php\/wp-json\/wp\/v2\/pages\/431\/revisions"}],"predecessor-version":[{"id":3883,"href":"http:\/\/lespassereves.fr\/index.php\/wp-json\/wp\/v2\/pages\/431\/revisions\/3883"}],"up":[{"embeddable":true,"href":"http:\/\/lespassereves.fr\/index.php\/wp-json\/wp\/v2\/pages\/707"}],"wp:attachment":[{"href":"http:\/\/lespassereves.fr\/index.php\/wp-json\/wp\/v2\/media?parent=431"}],"curies":[{"name":"wp","href":"https:\/\/api.w.org\/{rel}","templated":true}]}}