{"id":470,"date":"2017-02-22T02:39:23","date_gmt":"2017-02-22T01:39:23","guid":{"rendered":"http:\/\/lespassereves.fr\/?page_id=470"},"modified":"2021-06-23T15:32:39","modified_gmt":"2021-06-23T14:32:39","slug":"clown-theatre-en-milieu-hospitalier","status":"publish","type":"page","link":"http:\/\/lespassereves.fr\/index.php\/prestations-theatrales\/clown-theatre-en-milieu-hospitalier\/","title":{"rendered":"La pratique Th\u00e9\u00e2trale des Passe R\u00eaves en Milieu Hospitalier"},"content":{"rendered":"<h1>Semons notre part de r\u00eaverie en milieu hospitalier<\/h1>\n<p style=\"text-align: center;\"><img data-recalc-dims=\"1\" loading=\"lazy\" decoding=\"async\" data-attachment-id=\"1303\" data-permalink=\"http:\/\/lespassereves.fr\/index.php\/prestations-theatrales\/clown-theatre-en-milieu-hospitalier\/mas-la-queue-les-passe-reves\/#main\" data-orig-file=\"https:\/\/i0.wp.com\/lespassereves.fr\/wp-content\/uploads\/2018\/07\/mas-la-queue-les-passe-reves.png?fit=2622%2C1974\" data-orig-size=\"2622,1974\" data-comments-opened=\"1\" data-image-meta=\"{&quot;aperture&quot;:&quot;0&quot;,&quot;credit&quot;:&quot;&quot;,&quot;camera&quot;:&quot;&quot;,&quot;caption&quot;:&quot;&quot;,&quot;created_timestamp&quot;:&quot;0&quot;,&quot;copyright&quot;:&quot;&quot;,&quot;focal_length&quot;:&quot;0&quot;,&quot;iso&quot;:&quot;0&quot;,&quot;shutter_speed&quot;:&quot;0&quot;,&quot;title&quot;:&quot;&quot;,&quot;orientation&quot;:&quot;0&quot;}\" data-image-title=\"mas-la-queue-les-passe-reves\" data-image-description=\"\" data-image-caption=\"\" data-large-file=\"https:\/\/i0.wp.com\/lespassereves.fr\/wp-content\/uploads\/2018\/07\/mas-la-queue-les-passe-reves.png?fit=620%2C467\" class=\"alignnone wp-image-1303 size-medium\" src=\"https:\/\/i0.wp.com\/lespassereves.fr\/wp-content\/uploads\/2018\/07\/mas-la-queue-les-passe-reves.png?resize=300%2C226\" alt=\"milieu hospitalier\" width=\"300\" height=\"226\" srcset=\"https:\/\/i0.wp.com\/lespassereves.fr\/wp-content\/uploads\/2018\/07\/mas-la-queue-les-passe-reves.png?resize=300%2C226 300w, https:\/\/i0.wp.com\/lespassereves.fr\/wp-content\/uploads\/2018\/07\/mas-la-queue-les-passe-reves.png?resize=768%2C578 768w, https:\/\/i0.wp.com\/lespassereves.fr\/wp-content\/uploads\/2018\/07\/mas-la-queue-les-passe-reves.png?resize=1024%2C771 1024w, https:\/\/i0.wp.com\/lespassereves.fr\/wp-content\/uploads\/2018\/07\/mas-la-queue-les-passe-reves.png?resize=505%2C380 505w, https:\/\/i0.wp.com\/lespassereves.fr\/wp-content\/uploads\/2018\/07\/mas-la-queue-les-passe-reves.png?w=1240 1240w, https:\/\/i0.wp.com\/lespassereves.fr\/wp-content\/uploads\/2018\/07\/mas-la-queue-les-passe-reves.png?w=1860 1860w\" sizes=\"auto, (max-width: 300px) 100vw, 300px\" \/><\/p>\n<p>&nbsp;<\/p>\n<h2>cultivons nos ateliers th\u00e9\u00e2tre et d\u00e9ambulations clownesques<\/h2>\n<p>&nbsp;<\/p>\n<p style=\"text-align: justify;\"><span style=\"color: #0000ff; font-size: 14pt;\">Voil\u00e0 notre ambition !<br \/>\nAussi pour la r\u00e9aliser, nous ouvrons en grand nos boites \u00e0 outils et faisons appel en premier lieu \u00e0 nos <strong>clowns <\/strong>qui sortent \u00e0 la moindre occasion pour <strong>d\u00e9ambuler dans les services<\/strong>, pour le plaisir des plus petits mais encore aussi celui des plus grands.<br \/>\nIl est un fait que nous avons surpris \u00e0 maintes reprises des docteurs \u00e0 sourire \u00e0 nos quatre cent coups !<br \/>\nLes Passe R\u00eaves se transforment lorsque vous avez le dos tourn\u00e9 pour <strong>faire rire les enfants,<\/strong> pour <strong>vous surprendre gentiment<\/strong> et <strong>accompagner le personnel soignant<\/strong> lorsqu&rsquo;il le souhaite.<\/span><\/p>\n<p>&nbsp;<\/p>\n<p><span style=\"font-size: 14pt; color: #0000ff;\">Nous proposons \u00e9galement des ateliers\u00a0 d&rsquo;improvisation th\u00e9\u00e2trale aux jeunes enfants, adolescents ou adultes qui vont permettre aux participants de s&rsquo;\u00e9panouir pleinement au sein de leur environnement.<br \/>\nAinsi que des spectacles de th\u00e9\u00e2tre pouvant ais\u00e9ment convenir aux plus jeunes de nos spectateurs comme aux plus \u00e2g\u00e9s. <\/span><\/p>\n<p style=\"text-align: justify;\"><span style=\"color: #0000ff; font-size: 14pt;\">Nous pouvons aussi tout simplement passer quelques instants avec vous, le temps d&rsquo;une chanson, d&rsquo;une danse ou encore d&rsquo;une blague (ce sont les enfants qui nous en font le plus souvent !), pour laisser la po\u00e9sie du moment flotter en douceur dans la structure.<\/span><\/p>\n<h3><span style=\"font-size: 18pt; color: #3366ff;\">Nous vous accompagnons en ehpad, mas, impro, ime<br \/>\n<\/span><\/h3>\n<p><span style=\"color: #ff00ff; font-size: 14pt;\">Il s\u2019agit d\u2019animations s\u2019adaptant \u00e0 tout type d\u2019\u00e9v\u00e9nements et de lieux : repas spectacle, spectacle de no\u00ebl,\u00a0f\u00eates de fin d\u2019ann\u00e9e, r\u00e9unions de clubs, associations, au c\u0153ur des maisons de retraite, dans les\u00a0 all\u00e9es et chambres des h\u00f4pitaux, etc\u2026<br \/>\nNous avons \u00e9t\u00e9 aper\u00e7us \u00e0 Bullion, \u00e0 La Queue les Yvelines, mais encore \u00e0 Tours o\u00f9 nous avons introduit le th\u00e9\u00e2tre \u00e0 l\u2019h\u00f4pital.<br \/>\n<\/span><\/p>\n<h4>En somme, La compagnie des Passe R\u00eaves est \u00e0 vos c\u00f4t\u00e9s en milieu hospitalier<\/h4>\n","protected":false},"excerpt":{"rendered":"<p>Les membres de la Compagnie des Passe R\u00eaves mettent leur nez de clown le temps de d\u00e9ambulation \u00e0 l&rsquo;h\u00f4pital et proposent \u00e9galement d&rsquo;animer des ateliers de th\u00e9\u00e2tre d&rsquo;impro pour les enfants, les ados et les adultes.<\/p>\n","protected":false},"author":1,"featured_media":0,"parent":707,"menu_order":1,"comment_status":"closed","ping_status":"closed","template":"","meta":{"footnotes":""},"class_list":["post-470","page","type-page","status-publish","hentry","without-featured-image"],"jetpack_sharing_enabled":true,"jetpack_shortlink":"https:\/\/wp.me\/P7LDIs-7A","jetpack_likes_enabled":true,"_links":{"self":[{"href":"http:\/\/lespassereves.fr\/index.php\/wp-json\/wp\/v2\/pages\/470","targetHints":{"allow":["GET"]}}],"collection":[{"href":"http:\/\/lespassereves.fr\/index.php\/wp-json\/wp\/v2\/pages"}],"about":[{"href":"http:\/\/lespassereves.fr\/index.php\/wp-json\/wp\/v2\/types\/page"}],"author":[{"embeddable":true,"href":"http:\/\/lespassereves.fr\/index.php\/wp-json\/wp\/v2\/users\/1"}],"replies":[{"embeddable":true,"href":"http:\/\/lespassereves.fr\/index.php\/wp-json\/wp\/v2\/comments?post=470"}],"version-history":[{"count":31,"href":"http:\/\/lespassereves.fr\/index.php\/wp-json\/wp\/v2\/pages\/470\/revisions"}],"predecessor-version":[{"id":1709,"href":"http:\/\/lespassereves.fr\/index.php\/wp-json\/wp\/v2\/pages\/470\/revisions\/1709"}],"up":[{"embeddable":true,"href":"http:\/\/lespassereves.fr\/index.php\/wp-json\/wp\/v2\/pages\/707"}],"wp:attachment":[{"href":"http:\/\/lespassereves.fr\/index.php\/wp-json\/wp\/v2\/media?parent=470"}],"curies":[{"name":"wp","href":"https:\/\/api.w.org\/{rel}","templated":true}]}}