{"id":707,"date":"2017-11-16T23:50:08","date_gmt":"2017-11-16T22:50:08","guid":{"rendered":"http:\/\/lespassereves.fr\/?page_id=707"},"modified":"2025-09-28T19:52:31","modified_gmt":"2025-09-28T18:52:31","slug":"prestations-theatrales","status":"publish","type":"page","link":"http:\/\/lespassereves.fr\/index.php\/prestations-theatrales\/","title":{"rendered":"Nos 1001 prestations th\u00e9\u00e2trales"},"content":{"rendered":"<h1 style=\"text-align: center;\"><span style=\"font-size: 24pt; color: #008000;\"><strong>Nos 1001 prestations th\u00e9\u00e2trales<br \/>\n<\/strong><\/span><\/h1>\n<p style=\"text-align: center;\"><span style=\"color: #0000ff; font-size: 14pt;\">Vous recherchez des prestations th\u00e9\u00e2trales de qualit\u00e9 ?<br \/>\nQu&rsquo;il s&rsquo;agisse de Th\u00e9\u00e2tre Forum, d&rsquo;impro th\u00e9\u00e2tre ou autre,<br \/>\nne cherchez pas plus loin.<br \/>\nNous avons tr\u00e8s certainement une proposition adapt\u00e9e. <\/span><\/p>\n<p style=\"text-align: center;\"><span style=\"color: #0000ff; font-size: 12pt;\">Une prestation de la<strong> Compagnie des Passe R\u00eaves<\/strong><br \/>\nse pr\u00e9pare un peu comme on confectionne un tricot.<\/span><br \/>\n<span style=\"color: #0000ff; font-size: 12pt;\"> Nous discutons ensemble du projet et au terme d&rsquo;un \u00e9change constructif,<br \/>\nnous prenons les mesures. Vient ensuite le temps de tricoter <\/span><span style=\"color: #0000ff; font-size: 14pt;\"><br \/>\n<span style=\"font-size: 12pt;\">et de d\u00e9tricoter jusqu&rsquo;\u00e0 arriver \u00e0 un produit final \u00e9labor\u00e9<\/span><br \/>\n<span style=\"font-size: 12pt;\">sur mesure et pr\u00eat \u00e0 porter&#8230;<\/span><br \/>\n<span style=\"font-size: 12pt;\">En effet, nos propositions sont multiples<\/span><br \/>\n<span style=\"font-size: 12pt;\">et s&rsquo;attachent \u00e0 s&rsquo;adapter au mieux \u00e0 la demande.<\/span><br \/>\n<\/span><\/p>\n<h2 style=\"text-align: center;\"><span style=\"color: #ff00ff; font-size: 18pt;\">\u00c0 qui peut s&rsquo;adresser nos diff\u00e9rentes prestations th\u00e9\u00e2trales ?<\/span><\/h2>\n<p style=\"text-align: center;\"><span style=\"color: #0000ff; font-size: 12pt;\">Quelque soit l&rsquo;endroit, nous trouvons sans peine o\u00f9 y installer notre terrain de jeu \u00e9ph\u00e9m\u00e8re.<br \/>\nNous occupons l&rsquo;espace en nous adaptant \u00e0 ses caract\u00e9ristiques.<br \/>\nNos animations s\u2019adaptent \u00e0 tout type d\u2019\u00e9v\u00e9nements et de lieux.<\/span><\/p>\n<p style=\"text-align: center;\"><span style=\"color: #0000ff; font-size: 12pt;\">Nous dressons ici une courte liste des situations et endroits possibles :<br \/>\nTh\u00e9\u00e2tre en entreprise, spectacle de rue, camping, comit\u00e9 d\u2019entreprise, spectacle d\u2019\u00e9cole, repas spectacle, spectacle de no\u00ebl, mariages, f\u00eates de fin d\u2019ann\u00e9e, clubs, associations, mairies, en centre de loisirs, maisons de quartiers, dans des bars, dans des maisons de retraite, dans des h\u00f4pitaux, etc\u2026<\/span><\/p>\n<h3 style=\"text-align: center;\"><span style=\"color: #ff00ff;\">Nous \u00e9tudions toute proposition en France et bien au-del\u00e0.<\/span><\/h3>\n<p style=\"text-align: center;\"><span style=\"color: #0000ff; font-size: 12pt;\">Notre troupe propose \u00e0 tout type de structure des Animations Th\u00e9\u00e2trales d\u2019une dur\u00e9e d\u2019environ une heure et adapt\u00e9 \u00e0 tout public et interactif avec les spectateurs.<\/span><\/p>\n<p style=\"text-align: center;\"><span style=\"color: #0000ff; font-size: 12pt;\">Nous nous adaptons avec souplesse !<br \/>\n<\/span><span style=\"color: #0000ff;\"><span style=\"font-size: 12pt;\"> Pour vous donner une petite id\u00e9e des prestations que nous pouvons proposer :<\/span> <\/span><\/p>\n<p style=\"text-align: center;\">\n<h4><span style=\"color: #800000;\">Des ateliers (d\u2019environ 1h30 \u00e0 2h00) :<\/span><\/h4>\n<p><span style=\"font-size: 12pt;\"><span style=\"color: #0000ff;\">\u2013 Atelier d\u2019improvisation th\u00e9\u00e2trale<\/span> <span style=\"color: #0000ff;\"><br \/>\n\u2013 Cours de montage vid\u00e9o<\/span> <span style=\"color: #0000ff;\"><br \/>\n\u2013 Stage d\u2019initiation au clown<\/span><\/span><br \/>\n<span style=\"color: #0000ff; font-size: 12pt;\"> \u2013 Atelier de prise de parole en public<\/span><\/p>\n<h4><span style=\"color: #800000;\">Ainsi que des spectacles (entre 45 mn et 1h30 selon l\u2019\u00e2ge du public) :<\/span><\/h4>\n<p><span style=\"font-size: 12pt;\"><span style=\"color: #0000ff;\">\u2013 Spectacles d\u2019improvisation th\u00e9\u00e2trale pour enfants ou\u00a0 tout public<\/span><span style=\"color: #0000ff;\"><br \/>\n\u2013 Repr\u00e9sentations de clown tout public<\/span><\/span><br \/>\n<span style=\"font-size: 12pt;\"><span style=\"color: #0000ff;\"> \u2013 Spectacles d\u2019impro-conte tout public<\/span> <span style=\"color: #0000ff;\">ou pour enfants avec la participation des enfants (par la cr\u00e9ation de dessins faisant partie int\u00e9grante du spectacle).<\/span><\/span><\/p>\n<h4><span style=\"color: #800000;\">Ou bien encore :<\/span><\/h4>\n<p><span style=\"color: #0000ff; font-size: 12pt;\">\u2013 Du th\u00e9\u00e2tre forum (d\u00e9bat autour d\u2019un sujet pr\u00e9cis avec comme point de d\u00e9part une courte sc\u00e8ne de pr\u00e9sent\u00e9e. Les sujets peuvent \u00eatre vari\u00e9s: L\u2019\u00e9ducation, la diff\u00e9rence homme-femme, le handicap\u2026). Le th\u00e9\u00e2tre forum est propos\u00e9 \u00e0 des adultes aussi bien qu&rsquo;\u00e0 des enfants.<\/span><br \/>\n<span style=\"color: #0000ff;\"><span style=\"font-size: 12pt;\"> \u2013 Des d\u00e9ambulations de clown (dans les h\u00f4pitaux principalement)<\/span><br \/>\n<span style=\"font-size: 12pt;\">\u2013 Des micro spectacles o\u00f9 nous visitons les personnes (enfants comme adultes) qui ne peuvent pas sortir de la chambre o\u00f9 ils s\u00e9journent.<\/span><br \/>\n<\/span><\/p>\n<h5><span style=\"color: #800000;\">Ainsi, notre philosophie est la suivante :<\/span><\/h5>\n<p><span style=\"font-size: 12pt;\"><span style=\"color: #0000ff;\">Mettre principalement l\u2019accent sur le fait de prendre plaisir \u00e0 \u00eatre ensemble, que les participants s\u2019amusent, prennent du plaisir \u00e0 jouer, \u00e0 jouer avec l\u2019autre, essentiellement \u00e0 se faire confiance, \u00e0 essayer de nouvelles choses,\u2026<\/span> <span style=\"color: #0000ff;\">Ainsi, nous aimons les moments de convivialit\u00e9 (les repas ensemble, les go\u00fbters impro, les spectacles en appartement par exemple sont les bienvenus).<\/span> <span style=\"color: #0000ff;\">Nous portons une attention particuli\u00e8re au groupe, \u00e0 la bienveillance entre les participants afin de cr\u00e9er une atmosph\u00e8re d\u00e9contract\u00e9e et de confiance o\u00f9 chacun trouve sa place pour s&rsquo;y \u00e9panouir.<\/span><\/span><\/p>\n<h5><span style=\"color: #800000;\">\u00a0<\/span><span style=\"color: #0000ff;\"><span style=\"color: #800000;\">Vous d\u00e9bordez de questions sur nos prestations th\u00e9\u00e2trales ?<\/span> <\/span><\/h5>\n<p><span style=\"color: #0000ff;\"><span style=\"font-size: 12pt;\">Notre \u00e9quipe est \u00e0 votre \u00e9coute pour r\u00e9pondre \u00e0 vos interrogations. Alors n&rsquo;h\u00e9sitez pas, prenez <a href=\"http:\/\/lespassereves.fr\/index.php\/impro-clown-theatre-forum-en-indre-et-loire\/\">contact<\/a> avec nous.<\/span><br \/>\n<span style=\"font-size: 12pt;\">Vous pouvez nous apercevoir en images sur notre cha\u00eene <a href=\"https:\/\/www.youtube.com\/channel\/UCe3LLIWR3dLmH27KbP-LLXw\">Youtube <\/a>!<\/span><br \/>\n<span style=\"font-size: 12pt;\">De m\u00eame, retrouvez-nous quand vient l&rsquo;\u00e9t\u00e9 \u00e0 la montagne pour suivre nos stages !<\/span> <\/span><\/p>\n<h6><span style=\"color: #800000;\">Paris, Yvelines, tours, r\u00e9gion parisienne, et d&rsquo;ailleurs partout<\/span> <span style=\"color: #800000;\">!<\/span><\/h6>\n<p><span style=\"color: #0000ff; font-size: 12pt;\">Et pourquoi pas \u00e0 Aix en Provence, Fort de France, Aurillac, Mamers, La Ville aux Dames, mais aussi St Cyr l\u2019\u00e9cole, St R\u00e9my des Monts, B\u00e9ville le Comte, Theix-Noyalo, Montlouis sur Loire, Jou\u00e9 les Tours, Pernay, St Pierre des Corps, Poc\u00e9 sur Cisse, Boussy St Antoine, Vernou sur Brenne, Amboise, Nouan le fuzelier, Le Mesnil St Denis, de m\u00eame qu\u2019\u00e0 St Denis (La R\u00e9union), St Pierre (La R\u00e9union), ainsi qu&rsquo;\u00e0 Descartes, Cinais, La Queue lez Yvelines, \u00e0 Veign\u00e9, Maurepas, St Prix, Lille, Vernouillet, Cachan, Limours, Chatillon, Dakar, Louvignies, Ecully, Soulvache\u2026<\/span><\/p>\n","protected":false},"excerpt":{"rendered":"<p>Nos 1001 prestations th\u00e9\u00e2trales Vous recherchez des prestations th\u00e9\u00e2trales de qualit\u00e9 ? Qu&rsquo;il s&rsquo;agisse de Th\u00e9\u00e2tre Forum, d&rsquo;impro th\u00e9\u00e2tre ou autre, ne cherchez pas plus loin. Nous avons tr\u00e8s certainement une proposition adapt\u00e9e. Une prestation de la Compagnie des Passe R\u00eaves se pr\u00e9pare un peu comme on confectionne un tricot. Nous discutons ensemble du projet &hellip; <a href=\"http:\/\/lespassereves.fr\/index.php\/prestations-theatrales\/\" class=\"more-link\">Lire la suite <span class=\"screen-reader-text\">Nos 1001 prestations th\u00e9\u00e2trales<\/span><\/a><\/p>\n","protected":false},"author":1,"featured_media":0,"parent":0,"menu_order":10,"comment_status":"closed","ping_status":"closed","template":"","meta":{"jetpack_post_was_ever_published":false,"footnotes":""},"class_list":["post-707","page","type-page","status-publish","hentry","without-featured-image"],"jetpack_sharing_enabled":true,"jetpack_shortlink":"https:\/\/wp.me\/P7LDIs-bp","jetpack_likes_enabled":true,"_links":{"self":[{"href":"http:\/\/lespassereves.fr\/index.php\/wp-json\/wp\/v2\/pages\/707","targetHints":{"allow":["GET"]}}],"collection":[{"href":"http:\/\/lespassereves.fr\/index.php\/wp-json\/wp\/v2\/pages"}],"about":[{"href":"http:\/\/lespassereves.fr\/index.php\/wp-json\/wp\/v2\/types\/page"}],"author":[{"embeddable":true,"href":"http:\/\/lespassereves.fr\/index.php\/wp-json\/wp\/v2\/users\/1"}],"replies":[{"embeddable":true,"href":"http:\/\/lespassereves.fr\/index.php\/wp-json\/wp\/v2\/comments?post=707"}],"version-history":[{"count":28,"href":"http:\/\/lespassereves.fr\/index.php\/wp-json\/wp\/v2\/pages\/707\/revisions"}],"predecessor-version":[{"id":3893,"href":"http:\/\/lespassereves.fr\/index.php\/wp-json\/wp\/v2\/pages\/707\/revisions\/3893"}],"wp:attachment":[{"href":"http:\/\/lespassereves.fr\/index.php\/wp-json\/wp\/v2\/media?parent=707"}],"curies":[{"name":"wp","href":"https:\/\/api.w.org\/{rel}","templated":true}]}}