{"id":710,"date":"2017-11-16T23:54:04","date_gmt":"2017-11-16T22:54:04","guid":{"rendered":"http:\/\/lespassereves.fr\/?page_id=710"},"modified":"2025-09-28T19:57:43","modified_gmt":"2025-09-28T18:57:43","slug":"theatre-forum-paris","status":"publish","type":"page","link":"http:\/\/lespassereves.fr\/index.php\/prestations-theatrales\/theatre-forum-paris\/","title":{"rendered":"Le Th\u00e9\u00e2tre Forum des Passe R\u00eaves &#8211; 1 spectacle en action"},"content":{"rendered":"<h1><span style=\"color: #0000ff; font-family: tahoma, arial, helvetica, sans-serif;\"><strong><span style=\"font-size: 18pt;\"><span style=\"color: #800000;\">Le Th\u00e9\u00e2tre Forum<\/span><br \/>\n<\/span><\/strong><\/span><\/h1>\n<p><span style=\"color: #0000ff;\">Le Th\u00e9\u00e2tre Forum avec la Compagnie des Passe R\u00eaves, trouvons ensemble des solutions et de nouvelles perspectives aux probl\u00e9matiques que tout un chacun est \u00e0 m\u00eame de rencontrer.<\/span><\/p>\n<p><span style=\"color: #0000ff;\">Le th\u00e9\u00e2tre forum est un spectacle participatif et interactif o\u00f9 le spectateur se trouve au c\u0153ur de la performance. Les com\u00e9diens l&rsquo;invitent alors \u00e0 le rejoindre pour proposer ses propres suggestions. <\/span><\/p>\n<p><span style=\"color: #0000ff;\">Nous allons briser en morceaux, le fameux \u00ab\u00a0quatri\u00e8me mur\u00a0\u00bb qui est cens\u00e9 s\u00e9parer le public des com\u00e9diens. Le show d\u00e9bute r\u00e9ellement lorsqu&rsquo;il est nourrit par ces \u00e9changes complices.<br \/>\n<\/span><\/p>\n<p style=\"text-align: center;\">\t\t<link href=\"http:\/\/lespassereves.fr\/wp-content\/plugins\/slideshow-ck\/themes\/default\/css\/camera.css\" rel=\"stylesheet\" type=\"text\/css\" \/>\n\t\t<style type=\"text\/css\">\n\t\t\t#camera_wrap_1526 .camera_pag_ul li img, #camera_wrap_1526 .camera_thumbs_cont ul li img {\n\t\t\t\theight:100px;\n\t\t\t\twidth: auto;\n\t\t\t}\n\t\t\t#camera_wrap_1526 .camera_caption {\n\t\t\t\tdisplay: block;\n\t\t\t\tposition: absolute;\n\t\t\t}\n\t\t\t#camera_wrap_1526 .camera_caption a.camera_caption_link {\n\t\t\t\tdisplay: block;\n\t\t\t\tposition: absolute;\n\t\t\t\tleft: 0;\n\t\t\t\tright: 0;\n\t\t\t\ttop: 0;\n\t\t\t\tbottom: 0;\n\t\t\t}\n\t\t\t#camera_wrap_1526 .camera_caption > div {\n\t\t\t\tbackground: #000000;\t\t\t}\n\t\t\t#camera_wrap_1526 .camera_caption div.camera_caption_title {\n\t\t\t\tfont-size: 18px;line-height: 18px;font-weight: normal;\t\t\t}\n\t\t\t#camera_wrap_1526 .camera_caption div.camera_caption_desc {\n\t\t\t\tfont-size: 12px;line-height: 12px;font-weight: normal;\t\t\t}\n\t\t<\/style>\n\t\t\t\t<div class=\"slideshowck camera_wrap camera_amber_skin\" id=\"camera_wrap_1526\">\n\t\t\t\t\t\t\t<div  data-thumb=\"http:\/\/lespassereves.fr\/wp-content\/uploads\/2018\/04\/passe-reves-theatre-forum-tours.jpg\" data-src=\"http:\/\/lespassereves.fr\/wp-content\/uploads\/2018\/04\/passe-reves-theatre-forum-tours.jpg\" data-link=\"http:\/\/lespassereves.fr\/wp-content\/uploads\/2018\/04\/passe-reves-theatre-forum-tours.jpg\" data-target=\"\" data-alignment=\"\">\n\t\t\t\t\t\t\t\t\t\t\t\t<div class=\"camera_caption moveFromLeft\">\n\t\t\t\t\t\t\t\t\t\t\t\t\t\t<div class=\"camera_caption_title\">\n\t\t\t\t\t\t\t\tTh\u00e9\u00e2tre forum\t\t\t\t\t\t\t<\/div>\n\t\t\t\t\t\t\t\t\t\t\t\t\t\t\t\t\t\t\t\t\t<div class=\"camera_caption_desc\">\n\t\t\t\t\t\t\t\tTours\t\t\t\t\t\t\t<\/div>\n\t\t\t\t\t\t\t\t\t\t\t\t\t\t\t\t\t\t\t\t\t\t\t\t\t\t\t<\/div>\n\t\t\t\t\t\t\t\t\t\t<\/div>\n\t\t\t\t\t\t\t<div  data-thumb=\"http:\/\/lespassereves.fr\/wp-content\/uploads\/2018\/10\/theatre-forum-a.jpg\" data-src=\"http:\/\/lespassereves.fr\/wp-content\/uploads\/2018\/10\/theatre-forum-a.jpg\" data-link=\"http:\/\/lespassereves.fr\/wp-content\/uploads\/2018\/10\/theatre-forum-a.jpg\" data-target=\"\" data-alignment=\"\">\n\t\t\t\t\t\t\t\t\t\t\t\t<div class=\"camera_caption moveFromLeft\">\n\t\t\t\t\t\t\t\t\t\t\t\t\t\t<div class=\"camera_caption_title\">\n\t\t\t\t\t\t\t\tTh\u00e9\u00e2tre forum\t\t\t\t\t\t\t<\/div>\n\t\t\t\t\t\t\t\t\t\t\t\t\t\t\t\t\t\t\t\t\t<div class=\"camera_caption_desc\">\n\t\t\t\t\t\t\t\tTours\t\t\t\t\t\t\t<\/div>\n\t\t\t\t\t\t\t\t\t\t\t\t\t\t\t\t\t\t\t\t\t\t\t\t\t\t\t<\/div>\n\t\t\t\t\t\t\t\t\t\t<\/div>\n\t\t\t\t\t\t\t<div  data-thumb=\"http:\/\/lespassereves.fr\/wp-content\/uploads\/2018\/04\/animation-theatre-forum-passe-reves.jpg\" data-src=\"http:\/\/lespassereves.fr\/wp-content\/uploads\/2018\/04\/animation-theatre-forum-passe-reves.jpg\" data-link=\"http:\/\/lespassereves.fr\/wp-content\/uploads\/2018\/04\/animation-theatre-forum-passe-reves.jpg\" data-target=\"\" data-alignment=\"\">\n\t\t\t\t\t\t\t\t\t\t\t\t<div class=\"camera_caption moveFromLeft\">\n\t\t\t\t\t\t\t\t\t\t\t\t\t\t<div class=\"camera_caption_title\">\n\t\t\t\t\t\t\t\tTh\u00e9\u00e2tre forum\t\t\t\t\t\t\t<\/div>\n\t\t\t\t\t\t\t\t\t\t\t\t\t\t\t\t\t\t\t\t\t<div class=\"camera_caption_desc\">\n\t\t\t\t\t\t\t\tTours\t\t\t\t\t\t\t<\/div>\n\t\t\t\t\t\t\t\t\t\t\t\t\t\t\t\t\t\t\t\t\t\t\t\t\t\t\t<\/div>\n\t\t\t\t\t\t\t\t\t\t<\/div>\n\t\t\t\t\t\t\t<div  data-thumb=\"http:\/\/lespassereves.fr\/wp-content\/uploads\/2018\/10\/theatre-forum-9.jpg\" data-src=\"http:\/\/lespassereves.fr\/wp-content\/uploads\/2018\/10\/theatre-forum-9.jpg\" data-link=\"http:\/\/lespassereves.fr\/wp-content\/uploads\/2018\/10\/theatre-forum-9.jpg\" data-target=\"\" data-alignment=\"\">\n\t\t\t\t\t\t\t\t\t\t\t\t<div class=\"camera_caption moveFromLeft\">\n\t\t\t\t\t\t\t\t\t\t\t\t\t\t<div class=\"camera_caption_title\">\n\t\t\t\t\t\t\t\tTh\u00e9\u00e2tre forum\t\t\t\t\t\t\t<\/div>\n\t\t\t\t\t\t\t\t\t\t\t\t\t\t\t\t\t\t\t\t\t<div class=\"camera_caption_desc\">\n\t\t\t\t\t\t\t\tDescartes\t\t\t\t\t\t\t<\/div>\n\t\t\t\t\t\t\t\t\t\t\t\t\t\t\t\t\t\t\t\t\t\t\t\t\t\t\t<\/div>\n\t\t\t\t\t\t\t\t\t\t<\/div>\n\t\t\t\t\t\t\t<div  data-thumb=\"http:\/\/lespassereves.fr\/wp-content\/uploads\/2018\/10\/theatre-forum-1.jpg\" data-src=\"http:\/\/lespassereves.fr\/wp-content\/uploads\/2018\/10\/theatre-forum-1.jpg\" data-link=\"http:\/\/lespassereves.fr\/wp-content\/uploads\/2018\/10\/theatre-forum-1.jpg\" data-target=\"\" data-alignment=\"\">\n\t\t\t\t\t\t\t\t\t\t\t\t<div class=\"camera_caption moveFromLeft\">\n\t\t\t\t\t\t\t\t\t\t\t\t\t\t<div class=\"camera_caption_title\">\n\t\t\t\t\t\t\t\tTh\u00e9\u00e2tre forum\t\t\t\t\t\t\t<\/div>\n\t\t\t\t\t\t\t\t\t\t\t\t\t\t\t\t\t\t\t\t\t<div class=\"camera_caption_desc\">\n\t\t\t\t\t\t\t\tDescartes\t\t\t\t\t\t\t<\/div>\n\t\t\t\t\t\t\t\t\t\t\t\t\t\t\t\t\t\t\t\t\t\t\t\t\t\t\t<\/div>\n\t\t\t\t\t\t\t\t\t\t<\/div>\n\t\t\t\t\t\t\t<div  data-thumb=\"http:\/\/lespassereves.fr\/wp-content\/uploads\/2018\/10\/theatre-forum-6.jpg\" data-src=\"http:\/\/lespassereves.fr\/wp-content\/uploads\/2018\/10\/theatre-forum-6.jpg\" data-link=\"http:\/\/lespassereves.fr\/wp-content\/uploads\/2018\/10\/theatre-forum-6.jpg\" data-target=\"\" data-alignment=\"\">\n\t\t\t\t\t\t\t\t\t\t\t\t<div class=\"camera_caption moveFromLeft\">\n\t\t\t\t\t\t\t\t\t\t\t\t\t\t<div class=\"camera_caption_title\">\n\t\t\t\t\t\t\t\tTh\u00e9\u00e2tre forum\t\t\t\t\t\t\t<\/div>\n\t\t\t\t\t\t\t\t\t\t\t\t\t\t\t\t\t\t\t\t\t<div class=\"camera_caption_desc\">\n\t\t\t\t\t\t\t\tTours\t\t\t\t\t\t\t<\/div>\n\t\t\t\t\t\t\t\t\t\t\t\t\t\t\t\t\t\t\t\t\t\t\t\t\t\t\t<\/div>\n\t\t\t\t\t\t\t\t\t\t<\/div>\n\t\t\t\t\t\t\t<div  data-thumb=\"http:\/\/lespassereves.fr\/wp-content\/uploads\/2018\/10\/theatre-forum-4.jpg\" data-src=\"http:\/\/lespassereves.fr\/wp-content\/uploads\/2018\/10\/theatre-forum-4.jpg\" data-link=\"http:\/\/lespassereves.fr\/wp-content\/uploads\/2018\/10\/theatre-forum-4.jpg\" data-target=\"\" data-alignment=\"\">\n\t\t\t\t\t\t\t\t\t\t\t\t<div class=\"camera_caption moveFromLeft\">\n\t\t\t\t\t\t\t\t\t\t\t\t\t\t<div class=\"camera_caption_title\">\n\t\t\t\t\t\t\t\tTh\u00e9\u00e2tre forum\t\t\t\t\t\t\t<\/div>\n\t\t\t\t\t\t\t\t\t\t\t\t\t\t\t\t\t\t\t\t\t<div class=\"camera_caption_desc\">\n\t\t\t\t\t\t\t\tDescartes\t\t\t\t\t\t\t<\/div>\n\t\t\t\t\t\t\t\t\t\t\t\t\t\t\t\t\t\t\t\t\t\t\t\t\t\t\t<\/div>\n\t\t\t\t\t\t\t\t\t\t<\/div>\n\t\t\t\t\t<\/div>\n\t\t<div style=\"clear:both;\"><\/div>\n\t\t<\/p>\n<h2><span style=\"font-size: 8pt; color: #800000;\">Nous allons exposer des situations qui posent question sous forme de petites sc\u00e8nes.<\/span><\/h2>\n<p><span style=\"font-family: tahoma, arial, helvetica, sans-serif; color: #0000ff;\">D&rsquo;une fa\u00e7on g\u00e9n\u00e9rale, les sayn\u00e8tes repr\u00e9sentent une situation pr\u00e9sente dans la vie de tous les jours, une<\/span><br \/>\n<span style=\"color: #0000ff;\"> <span style=\"font-family: tahoma, arial, helvetica, sans-serif;\">probl\u00e9matique particuli\u00e8re. Un questionnement sur la posture, le comportement de chacun, sur <\/span><span style=\"font-family: tahoma, arial, helvetica, sans-serif;\">la relation avec l\u2019autre est r\u00e9fl\u00e9chi lors de l\u2019intervention.<\/span><\/span><br \/>\n<span style=\"color: #0000ff;\"> <span style=\"font-family: tahoma, arial, helvetica, sans-serif;\">Ces moments de vie peuvent \u00eatre propos\u00e9s aux com\u00e9diens en amont de fa\u00e7on pr\u00e9cise (ex: un<\/span> <span style=\"font-family: tahoma, arial, helvetica, sans-serif;\">enfant tape un autre enfant dans la cour de r\u00e9cr\u00e9ation suite \u00e0 une dispute sur le vol d\u2019un<\/span> <span style=\"font-family: tahoma, arial, helvetica, sans-serif;\">crayon en classe) ou uniquement la th\u00e9matique peut \u00eatre expos\u00e9e (ex: situations sur des<\/span> <span style=\"font-family: tahoma, arial, helvetica, sans-serif;\">conflits \u00e0 l\u2019\u00e9cole) puis nous vous proposerons des sayn\u00e8tes.<\/span><\/span><\/p>\n<h3><span style=\"color: #800000;\">La compagnie propose ses prestations en Touraine, Yvelines, r\u00e9gion parisienne.<\/span><\/h3>\n<p style=\"text-align: center;\"><img data-recalc-dims=\"1\" loading=\"lazy\" decoding=\"async\" data-attachment-id=\"748\" data-permalink=\"http:\/\/lespassereves.fr\/index.php\/prestations-theatrales\/theatre-forum-paris\/theatre_forum\/#main\" data-orig-file=\"https:\/\/i0.wp.com\/lespassereves.fr\/wp-content\/uploads\/2017\/11\/theatre_forum.jpg?fit=254%2C198\" data-orig-size=\"254,198\" data-comments-opened=\"1\" data-image-meta=\"{&quot;aperture&quot;:&quot;0&quot;,&quot;credit&quot;:&quot;&quot;,&quot;camera&quot;:&quot;&quot;,&quot;caption&quot;:&quot;&quot;,&quot;created_timestamp&quot;:&quot;0&quot;,&quot;copyright&quot;:&quot;&quot;,&quot;focal_length&quot;:&quot;0&quot;,&quot;iso&quot;:&quot;0&quot;,&quot;shutter_speed&quot;:&quot;0&quot;,&quot;title&quot;:&quot;&quot;,&quot;orientation&quot;:&quot;0&quot;}\" data-image-title=\"theatre_forum\" data-image-description=\"&lt;p&gt;theatre forum, improvisation&lt;\/p&gt;\n\" data-image-caption=\"\" data-large-file=\"https:\/\/i0.wp.com\/lespassereves.fr\/wp-content\/uploads\/2017\/11\/theatre_forum.jpg?fit=254%2C198\" class=\"alignnone wp-image-748 size-full\" src=\"https:\/\/i0.wp.com\/lespassereves.fr\/wp-content\/uploads\/2017\/11\/theatre_forum.jpg?resize=254%2C198\" alt=\"Le Th\u00e9\u00e2tre Forum\" width=\"254\" height=\"198\" \/><\/p>\n<h3><span style=\"color: #800000;\">Un d\u00e9roulement en trois \u00e9tapes du th\u00e9\u00e2tre forum :<\/span><\/h3>\n<p><span style=\"font-family: tahoma, arial, helvetica, sans-serif; color: #0000ff;\">1\/ Avant tout, <strong>\u00e9chauffement<\/strong> avec le public \u00e0 l&rsquo;aide de jeux o\u00f9 nous mettons en avant la bienveillance et cr\u00e9ons un environnement o\u00f9 la cr\u00e9ativit\u00e9, la spontan\u00e9it\u00e9 et l&rsquo;interactivit\u00e9 prennent toute leur place.<\/span><\/p>\n<p><span style=\"font-family: tahoma, arial, helvetica, sans-serif; color: #0000ff;\">2\/ Afin de parfaitement imager nos propos, nous pr\u00e9parons \u00e0 l&rsquo;avance deux ou trois sayn\u00e8tes illustrant des situations li\u00e9es au th\u00e8me.<\/span><br \/>\n<span style=\"font-family: tahoma, arial, helvetica, sans-serif; color: #0000ff;\"> Nous les jouons une premi\u00e8re fois puis, nous demandons aux spectateurs de devenir acteur \u00e0 leur tour : libre \u00e0 eux de nous proposer comment changer le d\u00e9nouement fatidique de l&rsquo;histoire en jouant \u00e0 nos c\u00f4t\u00e9s, en ajoutant ou rempla\u00e7ant un personnage.<\/span><\/p>\n<p><span style=\"font-family: tahoma, arial, helvetica, sans-serif; color: #0000ff;\">3\/ Proposition de constituer deux ou trois groupes. Chaque groupe r\u00e9fl\u00e9chit \u00e0 une sc\u00e8ne avec l&rsquo;aide d&rsquo;un encadrant. D\u00e8s lors, nous pourrons faire une pr\u00e9sentation de chaque sc\u00e8ne. Nous solliciterons les autres groupes pour proposer une alternative \u00e0 cette sayn\u00e8te.<\/span><\/p>\n<p><span style=\"font-family: tahoma, arial, helvetica, sans-serif; color: #0000ff;\">Dans la r\u00e9alit\u00e9, rien ne se d\u00e9roule comme pr\u00e9vu et c&rsquo;est pr\u00e9vu ! De fait, nous nous adaptons alors au contexte et au public rencontr\u00e9. L&rsquo;id\u00e9e \u00e9tant que nous lui laissions le plus de place possible pour qu&rsquo;il s&rsquo;approprie les sc\u00e8nes.<\/span><\/p>\n<p><span style=\"font-family: tahoma, arial, helvetica, sans-serif;\"><span style=\"color: #0000ff;\">N&rsquo;h\u00e9sitez pas \u00e0 nous<\/span> <a href=\"mailto:lespassereves@gmail.com\">contacter<\/a> <span style=\"color: #0000ff;\">pour obtenir plus d&rsquo;informations.<\/span><\/span><\/p>\n<p style=\"text-align: center;\">\n<h4><span style=\"color: #800000;\">Le th\u00e9\u00e2tre forum,<\/span><br \/>\n<span style=\"color: #800000;\">des th\u00e9matiques vari\u00e9es pour un spectacle tout terrain<\/span><\/h4>\n<p><span style=\"color: #0000ff;\">Les sujets peuvent \u00eatre tr\u00e8s vari\u00e9s, comme en t\u00e9moigne la diversit\u00e9 des th\u00e9matiques que l&rsquo;on nous a soumis.\u00a0 Pour exemple, nous avons \u00e9t\u00e9 amen\u00e9s \u00e0 aborder le sujet des \u00e9crans, le cyber harc\u00e8lement, les premi\u00e8res fois, l&rsquo;alimentation chez l&rsquo;enfant.<\/span><br \/>\n<span style=\"color: #0000ff;\">Les sujets ne manquent pas !<\/span><\/p>\n<h4><span style=\"color: #800000;\">Le th\u00e9\u00e2tre forum, L&rsquo;esprit libre !<\/span><\/h4>\n<p><span style=\"color: #0000ff;\">En tout premier lieu, nous avons besoin d&rsquo;entrouvrir les portes du dialogue. Pour cela, nous mettons tout en \u0153uvre pour que le public se sente \u00e0 l&rsquo;aise de venir nous rejoindre sur sc\u00e8ne ou pour tout simplement donner de la voix. Notre but avou\u00e9 est de m\u00e9tamorphoser les spectateurs. Ainsi qu&rsquo;ils passent, sans s&rsquo;en rendre compte d&rsquo;observateurs passifs \u00e0 acteurs \u00e0 part enti\u00e8re du spectacle.<\/span><\/p>\n<div dir=\"auto\">\n<div dir=\"auto\">\n<div>\n<div>\n<div>\n<div>\n<div>\n<div>\n<div>\n<h5><span style=\"color: #993366; font-size: 12pt;\">Notre th\u00e9\u00e2tre Forum e<\/span><span style=\"color: #993366; font-size: 12pt;\">n quelques vers :<\/span><\/h5>\n<div><\/div>\n<div><span style=\"color: #333399;\">Le th\u00e9\u00e2tre forum, c&rsquo;est un monde \u00e0 part<\/span><br \/>\n<span style=\"color: #333399;\">O\u00f9 les spectateurs deviennent acteurs \u00e0 leur tour<\/span><br \/>\n<span style=\"color: #333399;\">O\u00f9 l&rsquo;on peut d\u00e9battre, \u00e9changer sans fard<\/span><br \/>\n<span style=\"color: #333399;\">Et trouver ensemble des solutions pour un meilleur parcours<\/span><\/div>\n<div><span style=\"color: #333399;\"><br \/>\n<\/span><span style=\"color: #333399;\">Les com\u00e9diens nous invitent \u00e0 r\u00e9fl\u00e9chir<\/span><br \/>\n<span style=\"color: #333399;\">Sur des sujets de soci\u00e9t\u00e9, des probl\u00e8mes \u00e0 solutionner<\/span><br \/>\n<span style=\"color: #333399;\">On peut alors s&rsquo;exprimer, sans se sentir r\u00e9prim\u00e9<\/span><br \/>\n<span style=\"color: #333399;\">Et trouver des id\u00e9es pour que l&rsquo;avenir soit plus doux \u00e0 vivre<\/span><span style=\"color: #333399;\">Le th\u00e9\u00e2tre forum est le lieu de partage<\/span><br \/>\n<span style=\"color: #333399;\">O\u00f9 c<\/span><span style=\"color: #333399;\">hacun, quelque soit son age<br \/>\n<\/span><span style=\"color: #333399;\">Peut se lib\u00e9rer de tout jugement<br \/>\nEt repartir avec des id\u00e9es d&rsquo;un monde \u00e9panouissant<\/span><\/div>\n<\/div>\n<\/div>\n<\/div>\n<\/div>\n<\/div>\n<\/div>\n<\/div>\n<\/div>\n<div dir=\"auto\">\n<div dir=\"auto\">\n<div>\n<div>\n<div>\n<div>\n<div>\n<p><span style=\"color: #333399;\">Alors, prenez place dans la salle<\/span><br \/>\n<span style=\"color: #333399;\">Et laissez-vous emporter par l&rsquo;\u00e9motion<\/span><br \/>\n<span style=\"color: #333399;\">Le th\u00e9\u00e2tre forum est un voyage sans \u00e9gal<\/span><br \/>\n<span style=\"color: #333399;\">Pour trouver conjointement des solutions.<\/span><\/p>\n<\/div>\n<\/div>\n<\/div>\n<\/div>\n<\/div>\n<\/div>\n<\/div>\n<\/div>\n<h5><span style=\"color: #800000;\">Th\u00e9\u00e2tre Forum tout d&rsquo;abord en Indre et Loire et partout ailleurs.<\/span><\/h5>\n<p><span style=\"color: #0000ff;\">Et pourquoi pas \u00e0 Aix en Provence, Fort de France, Aurillac, Mamers, La Ville aux Dames, mais aussi St Cyr l\u2019\u00e9cole, St R\u00e9my des Monts, B\u00e9ville le Comte, Theix-Noyalo, Montlouis sur Loire, Jou\u00e9 les Tours, Pernay, St Pierre des Corps, Poc\u00e9 sur Cisse, Boussy St Antoine, Vernou sur Brenne, Amboise, Nouan le fuzelier, Le Mesnil St Denis, de m\u00eame qu&rsquo;\u00e0 St Denis (La R\u00e9union), St Pierre (La R\u00e9union), Descartes, Cinais, La Queue lez Yvelines, \u00e0 Veign\u00e9, Maurepas, St Prix, Lille, Vernouillet, Cachan, Limours, Chatillon, Dakar, Louvignies, Ecully, Soulvache, Montesson\u2026<\/span><\/p>\n","protected":false},"excerpt":{"rendered":"<p>Le Th\u00e9\u00e2tre Forum Le Th\u00e9\u00e2tre Forum avec la Compagnie des Passe R\u00eaves, trouvons ensemble des solutions et de nouvelles perspectives aux probl\u00e9matiques que tout un chacun est \u00e0 m\u00eame de rencontrer. Le th\u00e9\u00e2tre forum est un spectacle participatif et interactif o\u00f9 le spectateur se trouve au c\u0153ur de la performance. Les com\u00e9diens l&rsquo;invitent alors \u00e0 &hellip; <a href=\"http:\/\/lespassereves.fr\/index.php\/prestations-theatrales\/theatre-forum-paris\/\" class=\"more-link\">Lire la suite <span class=\"screen-reader-text\">Le Th\u00e9\u00e2tre Forum des Passe R\u00eaves &#8211; 1 spectacle en action<\/span><\/a><\/p>\n","protected":false},"author":1,"featured_media":0,"parent":707,"menu_order":12,"comment_status":"closed","ping_status":"closed","template":"","meta":{"jetpack_post_was_ever_published":false,"footnotes":""},"class_list":["post-710","page","type-page","status-publish","hentry","without-featured-image"],"jetpack_sharing_enabled":true,"jetpack_shortlink":"https:\/\/wp.me\/P7LDIs-bs","jetpack_likes_enabled":true,"_links":{"self":[{"href":"http:\/\/lespassereves.fr\/index.php\/wp-json\/wp\/v2\/pages\/710","targetHints":{"allow":["GET"]}}],"collection":[{"href":"http:\/\/lespassereves.fr\/index.php\/wp-json\/wp\/v2\/pages"}],"about":[{"href":"http:\/\/lespassereves.fr\/index.php\/wp-json\/wp\/v2\/types\/page"}],"author":[{"embeddable":true,"href":"http:\/\/lespassereves.fr\/index.php\/wp-json\/wp\/v2\/users\/1"}],"replies":[{"embeddable":true,"href":"http:\/\/lespassereves.fr\/index.php\/wp-json\/wp\/v2\/comments?post=710"}],"version-history":[{"count":43,"href":"http:\/\/lespassereves.fr\/index.php\/wp-json\/wp\/v2\/pages\/710\/revisions"}],"predecessor-version":[{"id":3897,"href":"http:\/\/lespassereves.fr\/index.php\/wp-json\/wp\/v2\/pages\/710\/revisions\/3897"}],"up":[{"embeddable":true,"href":"http:\/\/lespassereves.fr\/index.php\/wp-json\/wp\/v2\/pages\/707"}],"wp:attachment":[{"href":"http:\/\/lespassereves.fr\/index.php\/wp-json\/wp\/v2\/media?parent=710"}],"curies":[{"name":"wp","href":"https:\/\/api.w.org\/{rel}","templated":true}]}}