{"id":829,"date":"2017-12-26T15:16:48","date_gmt":"2017-12-26T14:16:48","guid":{"rendered":"http:\/\/lespassereves.fr\/?page_id=829"},"modified":"2025-10-03T19:53:48","modified_gmt":"2025-10-03T18:53:48","slug":"stage-clown-de-theatre-a-tours","status":"publish","type":"page","link":"http:\/\/lespassereves.fr\/index.php\/atelier-dimprovisation-theatrale\/stage-clown-de-theatre-a-tours\/","title":{"rendered":"Stage de Clown de Th\u00e9\u00e2tre de la Cie Passe R\u00eaves \u00e0 Tours"},"content":{"rendered":"<h1><span style=\"font-size: 18pt; color: #0000ff;\"><strong>Stage de Clown Indre et Loire<\/strong><\/span><\/h1>\n<p style=\"text-align: center;\"><img data-recalc-dims=\"1\" loading=\"lazy\" decoding=\"async\" data-attachment-id=\"3906\" data-permalink=\"http:\/\/lespassereves.fr\/index.php\/atelier-dimprovisation-theatrale\/stage-clown-de-theatre-a-tours\/clown\/#main\" data-orig-file=\"https:\/\/i0.wp.com\/lespassereves.fr\/wp-content\/uploads\/2025\/10\/clown.jpeg?fit=1024%2C1024\" data-orig-size=\"1024,1024\" data-comments-opened=\"1\" data-image-meta=\"{&quot;aperture&quot;:&quot;0&quot;,&quot;credit&quot;:&quot;&quot;,&quot;camera&quot;:&quot;&quot;,&quot;caption&quot;:&quot;&quot;,&quot;created_timestamp&quot;:&quot;1759517415&quot;,&quot;copyright&quot;:&quot;&quot;,&quot;focal_length&quot;:&quot;0&quot;,&quot;iso&quot;:&quot;0&quot;,&quot;shutter_speed&quot;:&quot;0&quot;,&quot;title&quot;:&quot;&quot;,&quot;orientation&quot;:&quot;0&quot;}\" data-image-title=\"clown\" data-image-description=\"\" data-image-caption=\"\" data-large-file=\"https:\/\/i0.wp.com\/lespassereves.fr\/wp-content\/uploads\/2025\/10\/clown.jpeg?fit=620%2C620\" class=\"alignnone size-medium wp-image-3906\" src=\"https:\/\/i0.wp.com\/lespassereves.fr\/wp-content\/uploads\/2025\/10\/clown.jpeg?resize=300%2C300\" alt=\"\" width=\"300\" height=\"300\" srcset=\"https:\/\/i0.wp.com\/lespassereves.fr\/wp-content\/uploads\/2025\/10\/clown.jpeg?resize=300%2C300 300w, https:\/\/i0.wp.com\/lespassereves.fr\/wp-content\/uploads\/2025\/10\/clown.jpeg?resize=150%2C150 150w, https:\/\/i0.wp.com\/lespassereves.fr\/wp-content\/uploads\/2025\/10\/clown.jpeg?resize=768%2C768 768w, https:\/\/i0.wp.com\/lespassereves.fr\/wp-content\/uploads\/2025\/10\/clown.jpeg?resize=90%2C90 90w, https:\/\/i0.wp.com\/lespassereves.fr\/wp-content\/uploads\/2025\/10\/clown.jpeg?resize=380%2C380 380w, https:\/\/i0.wp.com\/lespassereves.fr\/wp-content\/uploads\/2025\/10\/clown.jpeg?w=1024 1024w\" sizes=\"auto, (max-width: 300px) 100vw, 300px\" \/><\/p>\n<p style=\"text-align: center;\"><span style=\"font-size: 14pt; color: #0000ff;\">Le challenge de la journ\u00e9e ?<br \/>\nSillonner sur les chemins tortueux de la d\u00e9couverte du Clown<br \/>\nqui sommeille en nous.<\/span><\/p>\n<p><span style=\"font-size: 14pt; color: #3366ff;\">Durant ce module :<\/span><br \/>\n<span style=\"font-size: 14pt; color: #3366ff;\">Une approche progressive est mise en \u0153uvre pour faire croitre votre inventivit\u00e9 et votre attention aux autres par des \u00e9chauffements.<\/span><br \/>\n<span style=\"font-size: 14pt; color: #3366ff;\">Les participants se familiarisent avec leur clown \u00e0 l&rsquo;aide d&rsquo;une mise en pratique pour improviser en solo, duo ou \u00e0 plusieurs et \u00e9veiller la cr\u00e9ativit\u00e9 de chacun, la complicit\u00e9 entre participants et la co-construction.<br \/>\nNous observerons plus encore, comment transformer l&rsquo;inattendu en de d\u00e9licieux instants magiques. Ou encore, nous nous appliquerons \u00e0 magnifier l&rsquo;erreur avec la part de fragilit\u00e9 qui se loge en chacun de nous.<\/span><\/p>\n<p style=\"text-align: left;\"><span style=\"font-size: 14pt; color: #3366ff;\">La Compagnie des Passe R\u00eaves vous accompagne au cours de vos d\u00e9couvertes du plaisir d&rsquo;\u00eatre unique. Ce stage s&rsquo;adresse \u00e0 tous niveaux, de d\u00e9butants \u00e0 confirm\u00e9s.<\/span><br \/>\n<span style=\"font-size: 14pt; color: #3366ff;\">Nous vous proposons une immersion dans un Univers o\u00f9 se c\u00f4toient rires, bienveillance et apprentissage&#8230;<\/span><\/p>\n<p><span style=\"color: #3366ff; font-size: 14pt;\"><span class=\"notranslate\">La formation refl\u00e8te essentiellement notre approche et notre philosophie d\u2019enseignement du clown.<\/span> Elle<span class=\"notranslate\"> fournit une base pratique et exp\u00e9rimentale dans le processus d&rsquo;apprentissage.<\/span><\/span><\/p>\n<p><img data-recalc-dims=\"1\" loading=\"lazy\" decoding=\"async\" data-attachment-id=\"3616\" data-permalink=\"http:\/\/lespassereves.fr\/index.php\/atelier-dimprovisation-theatrale\/stage-clown-de-theatre-a-tours\/stage-clown-passe-reves\/#main\" data-orig-file=\"https:\/\/i0.wp.com\/lespassereves.fr\/wp-content\/uploads\/2023\/04\/stage-clown-passe-reves.jpg?fit=530%2C530\" data-orig-size=\"530,530\" data-comments-opened=\"1\" data-image-meta=\"{&quot;aperture&quot;:&quot;0&quot;,&quot;credit&quot;:&quot;&quot;,&quot;camera&quot;:&quot;&quot;,&quot;caption&quot;:&quot;&quot;,&quot;created_timestamp&quot;:&quot;0&quot;,&quot;copyright&quot;:&quot;&quot;,&quot;focal_length&quot;:&quot;0&quot;,&quot;iso&quot;:&quot;0&quot;,&quot;shutter_speed&quot;:&quot;0&quot;,&quot;title&quot;:&quot;&quot;,&quot;orientation&quot;:&quot;0&quot;}\" data-image-title=\"stage clown passe reves\" data-image-description=\"\" data-image-caption=\"\" data-large-file=\"https:\/\/i0.wp.com\/lespassereves.fr\/wp-content\/uploads\/2023\/04\/stage-clown-passe-reves.jpg?fit=530%2C530\" class=\"aligncenter wp-image-3616 size-medium\" src=\"https:\/\/i0.wp.com\/lespassereves.fr\/wp-content\/uploads\/2023\/04\/stage-clown-passe-reves.jpg?resize=300%2C300\" alt=\"stage clown tours passe r\u00eaves\" width=\"300\" height=\"300\" srcset=\"https:\/\/i0.wp.com\/lespassereves.fr\/wp-content\/uploads\/2023\/04\/stage-clown-passe-reves.jpg?resize=300%2C300 300w, https:\/\/i0.wp.com\/lespassereves.fr\/wp-content\/uploads\/2023\/04\/stage-clown-passe-reves.jpg?resize=150%2C150 150w, https:\/\/i0.wp.com\/lespassereves.fr\/wp-content\/uploads\/2023\/04\/stage-clown-passe-reves.jpg?resize=120%2C120 120w, https:\/\/i0.wp.com\/lespassereves.fr\/wp-content\/uploads\/2023\/04\/stage-clown-passe-reves.jpg?resize=90%2C90 90w, https:\/\/i0.wp.com\/lespassereves.fr\/wp-content\/uploads\/2023\/04\/stage-clown-passe-reves.jpg?resize=380%2C380 380w, https:\/\/i0.wp.com\/lespassereves.fr\/wp-content\/uploads\/2023\/04\/stage-clown-passe-reves.jpg?w=530 530w\" sizes=\"auto, (max-width: 300px) 100vw, 300px\" \/><\/p>\n<p><span style=\"font-size: 14pt; color: #0000ff;\">Vous cherchez \u00e0 explorer votre imaginaire tout en d\u00e9veloppant vos comp\u00e9tences en communication ? Vous \u00eates \u00e0 la recherche d&rsquo;une exp\u00e9rience unique qui vous permettra de sortir de votre zone de confort et de d\u00e9couvrir de nouvelles fa\u00e7ons d&rsquo;exprimer votre personnalit\u00e9 ? <\/span><\/p>\n<p><span style=\"font-size: 14pt; color: #0000ff;\">Vous aimez \u00e9mouvoir les gens ? Vous avez une grande sensibilit\u00e9 artistique et un go\u00fbt pour l&rsquo;improvisation ? Rejoignez-nous pour un stage de clown inoubliable ! Durant ces quelques heures, vous apprendrez \u00e0 d\u00e9velopper votre personnage de clown, \u00e0 ma\u00eetriser les techniques de jeu burlesque et \u00e0 communiquer avec votre public. Encadr\u00e9 par des professionnels du m\u00e9tier, vous d\u00e9couvrirez les secrets du clown, de la gestuelle \u00e0 l&rsquo;expression corporelle, en passant par la construction de num\u00e9ros charg\u00e9s d&rsquo;\u00e9motions. Un v\u00e9ritable voyage au pays de l&rsquo;imaginaire et de la cr\u00e9ativit\u00e9 vous attend, alors n&rsquo;h\u00e9sitez plus et inscrivez-vous d\u00e8s maintenant !<\/span><\/p>\n<p><span style=\"font-size: 14pt; color: #0000ff;\">Alors, notre stage de clown est fait pour vous ! Avec notre \u00e9quipe d&rsquo;experts, vous aurez l&rsquo;opportunit\u00e9 d&rsquo;apprendre les techniques de base du clown, d&rsquo;explorer votre propre personnage et de d\u00e9velopper votre confiance en vous sur sc\u00e8ne. Rejoignez-nous pour une aventure inoubliable et d\u00e9couvrez le monde fascinant du clown.<\/span><\/p>\n<p><span style=\"color: #000080; font-size: 14pt;\">Vous cherchez un formateur exp\u00e9riment\u00e9 pour vous guider dans votre parcours artistique ? Par chance, vous \u00eates arriv\u00e9s au bout de vos recherches. En compagnie de nos formateurs professionnels, vous d\u00e9couvrirez les techniques d&rsquo;interpr\u00e9tation, de jeu de sc\u00e8ne, d&rsquo;improvisation et de mise en sc\u00e8ne. Tout en apprenant \u00e0 ma\u00eetriser votre corps et votre voix, vous d\u00e9velopperez votre cr\u00e9ativit\u00e9 et votre capacit\u00e9 \u00e0 jouer des r\u00f4les vari\u00e9s. Que vous soyez d\u00e9butant ou confirm\u00e9, notre formation est adapt\u00e9e \u00e0 tous les niveaux et tous les profils. Alors rejoignez-nous pour une exp\u00e9rience th\u00e9\u00e2trale riche en \u00e9motions et en d\u00e9couvertes !<\/span><\/p>\n<h2>Stage de clown de th\u00e9\u00e2tre adultes des Passe R\u00eaves<\/h2>\n<p><span style=\"font-size: 14pt; color: #3366ff;\">A Savoir :<\/span><br \/>\n<span style=\"font-size: 14pt; color: #3366ff;\">Pr\u00e9voir de quoi d\u00e9jeuner le midi pour un repas partag\u00e9, de la boisson pour s&rsquo;hydrater \u00e0 tout moment et une tenue d\u00e9contract\u00e9e pour \u00eatre \u00e0 l&rsquo;aise dans ses mouvements&#8230;<\/span><\/p>\n<p><span style=\"font-size: 14pt; color: #0000ff;\">Pour de plus amples renseignements, n&rsquo;h\u00e9sitez pas \u00e0 nous contacter p<\/span><span style=\"color: #0000ff;\"><span style=\"font-size: 14pt;\">ar mail \u00e0 lespassereves@gmail.com<\/span><\/span><\/p>\n<h4>les passe r\u00eaves<\/h4>\n","protected":false},"excerpt":{"rendered":"<p>La compagnie des Passe R\u00eaves organise r\u00e9guli\u00e8rement des Stages de Th\u00e9\u00e2tre dans les Yvelines et en Touraine. <\/p>\n","protected":false},"author":1,"featured_media":0,"parent":17,"menu_order":8,"comment_status":"closed","ping_status":"closed","template":"","meta":{"jetpack_post_was_ever_published":false,"footnotes":""},"class_list":["post-829","page","type-page","status-publish","hentry","without-featured-image"],"jetpack_sharing_enabled":true,"jetpack_shortlink":"https:\/\/wp.me\/P7LDIs-dn","jetpack_likes_enabled":true,"_links":{"self":[{"href":"http:\/\/lespassereves.fr\/index.php\/wp-json\/wp\/v2\/pages\/829","targetHints":{"allow":["GET"]}}],"collection":[{"href":"http:\/\/lespassereves.fr\/index.php\/wp-json\/wp\/v2\/pages"}],"about":[{"href":"http:\/\/lespassereves.fr\/index.php\/wp-json\/wp\/v2\/types\/page"}],"author":[{"embeddable":true,"href":"http:\/\/lespassereves.fr\/index.php\/wp-json\/wp\/v2\/users\/1"}],"replies":[{"embeddable":true,"href":"http:\/\/lespassereves.fr\/index.php\/wp-json\/wp\/v2\/comments?post=829"}],"version-history":[{"count":48,"href":"http:\/\/lespassereves.fr\/index.php\/wp-json\/wp\/v2\/pages\/829\/revisions"}],"predecessor-version":[{"id":3908,"href":"http:\/\/lespassereves.fr\/index.php\/wp-json\/wp\/v2\/pages\/829\/revisions\/3908"}],"up":[{"embeddable":true,"href":"http:\/\/lespassereves.fr\/index.php\/wp-json\/wp\/v2\/pages\/17"}],"wp:attachment":[{"href":"http:\/\/lespassereves.fr\/index.php\/wp-json\/wp\/v2\/media?parent=829"}],"curies":[{"name":"wp","href":"https:\/\/api.w.org\/{rel}","templated":true}]}}