{"id":840,"date":"2017-12-26T15:36:37","date_gmt":"2017-12-26T14:36:37","guid":{"rendered":"http:\/\/lespassereves.fr\/?page_id=840"},"modified":"2020-02-11T15:55:47","modified_gmt":"2020-02-11T14:55:47","slug":"stage-clown-de-theatre-a-mamers","status":"publish","type":"page","link":"http:\/\/lespassereves.fr\/index.php\/atelier-dimprovisation-theatrale\/stage-clown-de-theatre-a-mamers\/","title":{"rendered":"Stage d&rsquo;improvisation Th\u00e9\u00e2trale \u00e0 Mamers (Sarthe 72)"},"content":{"rendered":"<h1>Stage d&rsquo;improvisation Th\u00e9\u00e2trale \u00e0 Mamers<\/h1>\n<p style=\"text-align: center;\"><span style=\"color: #0000ff; font-size: 18pt;\">Le samedi 4 avril 2020<br \/>\n<\/span><\/p>\n<p style=\"text-align: center;\">\t\t<link href=\"http:\/\/lespassereves.fr\/wp-content\/plugins\/slideshow-ck\/themes\/default\/css\/camera.css\" rel=\"stylesheet\" type=\"text\/css\" \/>\n\t\t<style type=\"text\/css\">\n\t\t\t#camera_wrap_1820 .camera_pag_ul li img, #camera_wrap_1820 .camera_thumbs_cont ul li img {\n\t\t\t\theight:100px;\n\t\t\t\twidth: auto;\n\t\t\t}\n\t\t\t#camera_wrap_1820 .camera_caption {\n\t\t\t\tdisplay: block;\n\t\t\t\tposition: absolute;\n\t\t\t}\n\t\t\t#camera_wrap_1820 .camera_caption a.camera_caption_link {\n\t\t\t\tdisplay: block;\n\t\t\t\tposition: absolute;\n\t\t\t\tleft: 0;\n\t\t\t\tright: 0;\n\t\t\t\ttop: 0;\n\t\t\t\tbottom: 0;\n\t\t\t}\n\t\t\t#camera_wrap_1820 .camera_caption > div {\n\t\t\t\tbackground: #000000;\t\t\t}\n\t\t\t#camera_wrap_1820 .camera_caption div.camera_caption_title {\n\t\t\t\tfont-size: 18px;line-height: 18px;font-weight: normal;\t\t\t}\n\t\t\t#camera_wrap_1820 .camera_caption div.camera_caption_desc {\n\t\t\t\tfont-size: 12px;line-height: 12px;font-weight: normal;\t\t\t}\n\t\t<\/style>\n\t\t\t\t<div class=\"slideshowck camera_wrap camera_amber_skin\" id=\"camera_wrap_1820\">\n\t\t\t\t\t\t\t<div  data-thumb=\"http:\/\/lespassereves.fr\/wp-content\/uploads\/2018\/12\/IMG_1360.jpg\" data-src=\"http:\/\/lespassereves.fr\/wp-content\/uploads\/2018\/12\/IMG_1360.jpg\" data-link=\"http:\/\/lespassereves.fr\/wp-content\/uploads\/2018\/12\/IMG_1360.jpg\" data-target=\"\" data-alignment=\"\">\n\t\t\t\t\t\t\t\t\t\t\t\t<div class=\"camera_caption moveFromLeft\">\n\t\t\t\t\t\t\t\t\t\t\t\t\t\t<div class=\"camera_caption_title\">\n\t\t\t\t\t\t\t\tImpro Th\u00e9\u00e2tre Mamers\t\t\t\t\t\t\t<\/div>\n\t\t\t\t\t\t\t\t\t\t\t\t\t\t\t\t\t\t\t\t\t<div class=\"camera_caption_desc\">\n\t\t\t\t\t\t\t\tSarthe\t\t\t\t\t\t\t<\/div>\n\t\t\t\t\t\t\t\t\t\t\t\t\t\t\t\t\t\t\t\t\t\t\t\t\t\t\t<\/div>\n\t\t\t\t\t\t\t\t\t\t<\/div>\n\t\t\t\t\t\t\t<div  data-thumb=\"http:\/\/lespassereves.fr\/wp-content\/uploads\/2018\/12\/IMGP3367.jpg\" data-src=\"http:\/\/lespassereves.fr\/wp-content\/uploads\/2018\/12\/IMGP3367.jpg\" data-link=\"http:\/\/lespassereves.fr\/wp-content\/uploads\/2018\/12\/IMGP3367.jpg\" data-target=\"\" data-alignment=\"\">\n\t\t\t\t\t\t\t\t\t\t\t\t<div class=\"camera_caption moveFromLeft\">\n\t\t\t\t\t\t\t\t\t\t\t\t\t\t<div class=\"camera_caption_title\">\n\t\t\t\t\t\t\t\tImpro Th\u00e9\u00e2tre Mamers\t\t\t\t\t\t\t<\/div>\n\t\t\t\t\t\t\t\t\t\t\t\t\t\t\t\t\t\t\t\t\t<div class=\"camera_caption_desc\">\n\t\t\t\t\t\t\t\tSarthe\t\t\t\t\t\t\t<\/div>\n\t\t\t\t\t\t\t\t\t\t\t\t\t\t\t\t\t\t\t\t\t\t\t\t\t\t\t<\/div>\n\t\t\t\t\t\t\t\t\t\t<\/div>\n\t\t\t\t\t\t\t<div  data-thumb=\"http:\/\/lespassereves.fr\/wp-content\/uploads\/2018\/12\/IMG_8700.jpg\" data-src=\"http:\/\/lespassereves.fr\/wp-content\/uploads\/2018\/12\/IMG_8700.jpg\" data-link=\"http:\/\/lespassereves.fr\/wp-content\/uploads\/2018\/12\/IMG_8700.jpg\" data-target=\"\" data-alignment=\"\">\n\t\t\t\t\t\t\t\t\t\t\t\t<div class=\"camera_caption moveFromLeft\">\n\t\t\t\t\t\t\t\t\t\t\t\t\t\t<div class=\"camera_caption_title\">\n\t\t\t\t\t\t\t\tImpro Th\u00e9\u00e2tre Mamers\t\t\t\t\t\t\t<\/div>\n\t\t\t\t\t\t\t\t\t\t\t\t\t\t\t\t\t\t\t\t\t<div class=\"camera_caption_desc\">\n\t\t\t\t\t\t\t\tSarthe\t\t\t\t\t\t\t<\/div>\n\t\t\t\t\t\t\t\t\t\t\t\t\t\t\t\t\t\t\t\t\t\t\t\t\t\t\t<\/div>\n\t\t\t\t\t\t\t\t\t\t<\/div>\n\t\t\t\t\t\t\t<div  data-thumb=\"http:\/\/lespassereves.fr\/wp-content\/uploads\/2018\/12\/IMG_2101.jpg\" data-src=\"http:\/\/lespassereves.fr\/wp-content\/uploads\/2018\/12\/IMG_2101.jpg\" data-link=\"http:\/\/lespassereves.fr\/wp-content\/uploads\/2018\/12\/IMG_2101.jpg\" data-target=\"\" data-alignment=\"\">\n\t\t\t\t\t\t\t\t\t\t\t\t<div class=\"camera_caption moveFromLeft\">\n\t\t\t\t\t\t\t\t\t\t\t\t\t\t<div class=\"camera_caption_title\">\n\t\t\t\t\t\t\t\tImpro Th\u00e9\u00e2tre Mamers\t\t\t\t\t\t\t<\/div>\n\t\t\t\t\t\t\t\t\t\t\t\t\t\t\t\t\t\t\t\t\t<div class=\"camera_caption_desc\">\n\t\t\t\t\t\t\t\tSarthe\t\t\t\t\t\t\t<\/div>\n\t\t\t\t\t\t\t\t\t\t\t\t\t\t\t\t\t\t\t\t\t\t\t\t\t\t\t<\/div>\n\t\t\t\t\t\t\t\t\t\t<\/div>\n\t\t\t\t\t\t\t<div  data-thumb=\"http:\/\/lespassereves.fr\/wp-content\/uploads\/2018\/12\/IMG_1580.jpg\" data-src=\"http:\/\/lespassereves.fr\/wp-content\/uploads\/2018\/12\/IMG_1580.jpg\" data-link=\"http:\/\/lespassereves.fr\/wp-content\/uploads\/2018\/12\/IMG_1580.jpg\" data-target=\"\" data-alignment=\"\">\n\t\t\t\t\t\t\t\t\t\t\t\t<div class=\"camera_caption moveFromLeft\">\n\t\t\t\t\t\t\t\t\t\t\t\t\t\t<div class=\"camera_caption_title\">\n\t\t\t\t\t\t\t\tImpro Th\u00e9\u00e2tre Mamers\t\t\t\t\t\t\t<\/div>\n\t\t\t\t\t\t\t\t\t\t\t\t\t\t\t\t\t\t\t\t\t<div class=\"camera_caption_desc\">\n\t\t\t\t\t\t\t\tSarthe\t\t\t\t\t\t\t<\/div>\n\t\t\t\t\t\t\t\t\t\t\t\t\t\t\t\t\t\t\t\t\t\t\t\t\t\t\t<\/div>\n\t\t\t\t\t\t\t\t\t\t<\/div>\n\t\t\t\t\t\t\t<div  data-thumb=\"http:\/\/lespassereves.fr\/wp-content\/uploads\/2018\/12\/IMG_1368.jpg\" data-src=\"http:\/\/lespassereves.fr\/wp-content\/uploads\/2018\/12\/IMG_1368.jpg\" data-link=\"http:\/\/lespassereves.fr\/wp-content\/uploads\/2018\/12\/IMG_1368.jpg\" data-target=\"\" data-alignment=\"\">\n\t\t\t\t\t\t\t\t\t\t\t\t<div class=\"camera_caption moveFromLeft\">\n\t\t\t\t\t\t\t\t\t\t\t\t\t\t<div class=\"camera_caption_title\">\n\t\t\t\t\t\t\t\tImpro Th\u00e9\u00e2tre Mamers\t\t\t\t\t\t\t<\/div>\n\t\t\t\t\t\t\t\t\t\t\t\t\t\t\t\t\t\t\t\t\t<div class=\"camera_caption_desc\">\n\t\t\t\t\t\t\t\tSarthe\t\t\t\t\t\t\t<\/div>\n\t\t\t\t\t\t\t\t\t\t\t\t\t\t\t\t\t\t\t\t\t\t\t\t\t\t\t<\/div>\n\t\t\t\t\t\t\t\t\t\t<\/div>\n\t\t\t\t\t<\/div>\n\t\t<div style=\"clear:both;\"><\/div>\n\t\t<\/p>\n<p style=\"text-align: center;\"><img data-recalc-dims=\"1\" loading=\"lazy\" decoding=\"async\" data-attachment-id=\"2801\" data-permalink=\"http:\/\/lespassereves.fr\/index.php\/atelier-dimprovisation-theatrale\/stage-clown-de-theatre-a-mamers\/stage-dimprovisation-theatrale-mamers-sarthe-passe-reves\/#main\" data-orig-file=\"https:\/\/i0.wp.com\/lespassereves.fr\/wp-content\/uploads\/2020\/02\/Stage-dimprovisation-TH%C3%89%C3%82TRALE-mamers-sarthe-passe-reves.jpg?fit=480%2C672\" data-orig-size=\"480,672\" data-comments-opened=\"1\" data-image-meta=\"{&quot;aperture&quot;:&quot;0&quot;,&quot;credit&quot;:&quot;&quot;,&quot;camera&quot;:&quot;&quot;,&quot;caption&quot;:&quot;&quot;,&quot;created_timestamp&quot;:&quot;0&quot;,&quot;copyright&quot;:&quot;&quot;,&quot;focal_length&quot;:&quot;0&quot;,&quot;iso&quot;:&quot;0&quot;,&quot;shutter_speed&quot;:&quot;0&quot;,&quot;title&quot;:&quot;&quot;,&quot;orientation&quot;:&quot;1&quot;}\" data-image-title=\"Stage d&amp;rsquo;improvisation TH\u00c9\u00c2TRALE mamers sarthe passe reves\" data-image-description=\"\" data-image-caption=\"\" data-large-file=\"https:\/\/i0.wp.com\/lespassereves.fr\/wp-content\/uploads\/2020\/02\/Stage-dimprovisation-TH%C3%89%C3%82TRALE-mamers-sarthe-passe-reves.jpg?fit=480%2C672\" class=\"alignnone wp-image-2801 size-medium\" src=\"https:\/\/i0.wp.com\/lespassereves.fr\/wp-content\/uploads\/2020\/02\/Stage-dimprovisation-TH%C3%89%C3%82TRALE-mamers-sarthe-passe-reves.jpg?resize=214%2C300\" alt=\"stage d'improvisation th\u00e9\u00e2trale \u00e0 mamers passe reves\" width=\"214\" height=\"300\" srcset=\"https:\/\/i0.wp.com\/lespassereves.fr\/wp-content\/uploads\/2020\/02\/Stage-dimprovisation-TH%C3%89%C3%82TRALE-mamers-sarthe-passe-reves.jpg?resize=214%2C300 214w, https:\/\/i0.wp.com\/lespassereves.fr\/wp-content\/uploads\/2020\/02\/Stage-dimprovisation-TH%C3%89%C3%82TRALE-mamers-sarthe-passe-reves.jpg?resize=271%2C380 271w, https:\/\/i0.wp.com\/lespassereves.fr\/wp-content\/uploads\/2020\/02\/Stage-dimprovisation-TH%C3%89%C3%82TRALE-mamers-sarthe-passe-reves.jpg?w=480 480w\" sizes=\"auto, (max-width: 214px) 100vw, 214px\" \/><\/p>\n<h2>Durant\u00a0cet atelier th\u00e9\u00e2tre dans la Sarthe<\/h2>\n<p><span style=\"color: #3366ff; font-size: 14pt;\">Une approche progressive pour \u00e9veiller votre inventivit\u00e9 avec des \u00e9chauffements.<\/span><br \/>\n<span style=\"color: #3366ff; font-size: 14pt;\"> Une mise en pratique pour\u00a0s&rsquo;exprimer en solo, duo ou \u00e0 plusieurs et \u00e9veiller la cr\u00e9ativit\u00e9 de chacun.<\/span><\/p>\n<p><span style=\"color: #3366ff; font-size: 14pt;\">La Compagnie des Passe R\u00eaves vous accompagne au cours de\u00a0la d\u00e9couverte du plaisir d&rsquo;\u00eatre unique et en totale \u00e9coute avec les autres.<\/span><br \/>\n<span style=\"color: #3366ff; font-size: 14pt;\"> Une douce immersion dans un Univers o\u00f9 se c\u00f4toient rires, bienveillance et apprentissage&#8230;<\/span><\/p>\n<h3><span style=\"color: #3366ff; font-size: 14pt;\">Bon\u00a0\u00e0 Savoir pour\u00a0cet atelier\u00a0:<\/span><\/h3>\n<p><span style=\"color: #3366ff; font-size: 14pt;\">Pr\u00e9voir\u00a0de quoi\u00a0manger pour\u00a0notre pause d\u00e9jeuner. Nous pourrons partager les\u00a0victuailles que tout un chacun apporte.<br \/>\nEt de la boisson pour s&rsquo;hydrater \u00e0 tout moment de la journ\u00e9e.<br \/>\nEt surtout\u00a0une tenue d\u00e9contract\u00e9e pour \u00eatre \u00e0 l&rsquo;aise avec son corps lors des \u00e9chauffements et autres exercices.<\/span><\/p>\n<h4><span class=\"notranslate\"><span style=\"color: #3366ff;\">Pourquoi participer \u00e0 ces instants\u00a0th\u00e9\u00e2tralis\u00e9s avec nous ?<\/span><br \/>\n<\/span><\/h4>\n<p><span style=\"color: #3366ff; font-size: 14pt;\">Quelque soit votre niveau, une place vous attend parmi nous.<\/span><br \/>\n<span style=\"color: #3366ff; font-size: 14pt;\">Pour les d\u00e9butants, il vous permettra peut-\u00eatre juste <span class=\"notranslate\">de sortir de votre coquille et de d\u00e9couvrir des capacit\u00e9s insoup\u00e7onn\u00e9es jusqu&rsquo;alors<\/span>.<\/span><br \/>\n<span style=\"color: #3366ff; font-size: 14pt;\">Pour les plus aguerris, vous trouverez une structure souple\u00a0 vous permettant de progresser dans votre jeu.<\/span><\/p>\n<p><span class=\"notranslate\" style=\"color: #3366ff; font-size: 14pt;\">Quel que soit votre cas, il vous fera progresser dans tous les aspects de votre vie.<\/span><\/p>\n<p><span style=\"color: #3366ff;\">Le <span style=\"font-size: 14pt;\"><strong><a href=\"http:\/\/lespassereves.fr\/index.php\/nos-ateliers\/\">Stage d&rsquo;improvisation<\/a> Th\u00e9\u00e2trale \u00e0 Mamers\u00a0<\/strong><\/span><\/span><span style=\"color: #3366ff; font-size: 14pt;\">se d\u00e9roule dans le centre ville<br \/>\n\u00e0 la salle des f\u00eates<br \/>\n<span class=\"st\">Sur la Place Carnot<\/span><br \/>\n<\/span><span style=\"color: #3366ff; font-size: 14pt;\">72600 Mamers (Sarthe)<\/span><\/p>\n<p><span style=\"color: #3366ff; font-size: 14pt;\"> La date retenue est le <strong>4 avril 2020<\/strong> et l&rsquo;amplitude sera de <strong>10 heures \u00e0 18<\/strong> heures avec une pause vers 13 heures.<br \/>\n<\/span> <span style=\"color: #3366ff; font-size: 14pt;\"> Le tarif\u00a0a \u00e9t\u00e9 fix\u00e9\u00a0\u00e0\u00a020 euros.<\/span><\/p>\n<h4><span style=\"color: #3366ff; font-size: 14pt;\">une Billetterie en ligne est ouverte pour l&rsquo;atelier\u00a0:<\/span><\/h4>\n<p>https:\/\/www.helloasso.com\/associations\/les-passe-reves\/evenements\/stage-d-improvisation-theatrale-mamers-4-avril-2020<\/p>\n<p><span style=\"color: #0000ff; font-size: 14pt;\">Pour toute demande de renseignements :<\/span><br \/>\n<span style=\"color: #0000ff;\"> <span style=\"font-size: 14pt;\"> lespassereves@gmail.com<br \/>\n<\/span><span style=\"font-size: 14pt;\">06.77.68.00.47<\/span><\/span><\/p>\n<p><span style=\"color: #3366ff; font-size: 14pt;\">Le festival <a href=\"https:\/\/mamersenscene.fr\/\"><strong>Mamers en Sc\u00e8ne<\/strong><\/a> s&rsquo;associe \u00e0 la Compagnie des Passe R\u00eaves\u00a0pour assurer la\u00a0r\u00e9ussite compl\u00e8te de cette journ\u00e9e en terre mamertine.<\/span><\/p>\n<h5>stage d&rsquo;improvisation th\u00e9\u00e2trale \u00e0 mamers dans la Sarthe<\/h5>\n<p><span style=\"color: #0000ff;\">L&rsquo;ennemi jur\u00e9 de la morosit\u00e9.<\/span><\/p>\n","protected":false},"excerpt":{"rendered":"<p>Stage d&rsquo;improvisation Th\u00e9\u00e2trale \u00e0 Mamers Le samedi 4 avril 2020 Durant\u00a0cet atelier th\u00e9\u00e2tre dans la Sarthe Une approche progressive pour \u00e9veiller votre inventivit\u00e9 avec des \u00e9chauffements. Une mise en pratique pour\u00a0s&rsquo;exprimer en solo, duo ou \u00e0 plusieurs et \u00e9veiller la cr\u00e9ativit\u00e9 de chacun. La Compagnie des Passe R\u00eaves vous accompagne au cours de\u00a0la d\u00e9couverte du &hellip; <a href=\"http:\/\/lespassereves.fr\/index.php\/atelier-dimprovisation-theatrale\/stage-clown-de-theatre-a-mamers\/\" class=\"more-link\">Lire la suite <span class=\"screen-reader-text\">Stage d&rsquo;improvisation Th\u00e9\u00e2trale \u00e0 Mamers (Sarthe 72)<\/span><\/a><\/p>\n","protected":false},"author":1,"featured_media":0,"parent":17,"menu_order":9,"comment_status":"closed","ping_status":"closed","template":"","meta":{"jetpack_post_was_ever_published":false,"footnotes":""},"class_list":["post-840","page","type-page","status-publish","hentry","without-featured-image"],"jetpack_sharing_enabled":true,"jetpack_shortlink":"https:\/\/wp.me\/P7LDIs-dy","jetpack_likes_enabled":true,"_links":{"self":[{"href":"http:\/\/lespassereves.fr\/index.php\/wp-json\/wp\/v2\/pages\/840","targetHints":{"allow":["GET"]}}],"collection":[{"href":"http:\/\/lespassereves.fr\/index.php\/wp-json\/wp\/v2\/pages"}],"about":[{"href":"http:\/\/lespassereves.fr\/index.php\/wp-json\/wp\/v2\/types\/page"}],"author":[{"embeddable":true,"href":"http:\/\/lespassereves.fr\/index.php\/wp-json\/wp\/v2\/users\/1"}],"replies":[{"embeddable":true,"href":"http:\/\/lespassereves.fr\/index.php\/wp-json\/wp\/v2\/comments?post=840"}],"version-history":[{"count":37,"href":"http:\/\/lespassereves.fr\/index.php\/wp-json\/wp\/v2\/pages\/840\/revisions"}],"predecessor-version":[{"id":2803,"href":"http:\/\/lespassereves.fr\/index.php\/wp-json\/wp\/v2\/pages\/840\/revisions\/2803"}],"up":[{"embeddable":true,"href":"http:\/\/lespassereves.fr\/index.php\/wp-json\/wp\/v2\/pages\/17"}],"wp:attachment":[{"href":"http:\/\/lespassereves.fr\/index.php\/wp-json\/wp\/v2\/media?parent=840"}],"curies":[{"name":"wp","href":"https:\/\/api.w.org\/{rel}","templated":true}]}}