{"id":979,"date":"2018-01-31T14:33:19","date_gmt":"2018-01-31T13:33:19","guid":{"rendered":"http:\/\/lespassereves.fr\/?page_id=979"},"modified":"2018-11-28T15:30:02","modified_gmt":"2018-11-28T14:30:02","slug":"tout-public","status":"publish","type":"page","link":"http:\/\/lespassereves.fr\/index.php\/prestations-theatrales\/tout-public\/","title":{"rendered":"Spectacles d&rsquo;improvisation th\u00e9\u00e2trale Tout public Passe R\u00eaves"},"content":{"rendered":"<h1>Nos Spectacles Tout Public<\/h1>\n<h3 style=\"text-align: center;\"><span style=\"font-size: 18pt; color: #0000ff;\"><strong>Spectacle d\u2019impro<\/strong><\/span><\/h3>\n<p><img data-recalc-dims=\"1\" loading=\"lazy\" decoding=\"async\" data-attachment-id=\"1019\" data-permalink=\"http:\/\/lespassereves.fr\/index.php\/prestations-theatrales\/tout-public\/sans\/#main\" data-orig-file=\"https:\/\/i0.wp.com\/lespassereves.fr\/wp-content\/uploads\/2018\/02\/Sans-.png?fit=386%2C528\" data-orig-size=\"386,528\" data-comments-opened=\"1\" data-image-meta=\"{&quot;aperture&quot;:&quot;0&quot;,&quot;credit&quot;:&quot;&quot;,&quot;camera&quot;:&quot;&quot;,&quot;caption&quot;:&quot;&quot;,&quot;created_timestamp&quot;:&quot;0&quot;,&quot;copyright&quot;:&quot;&quot;,&quot;focal_length&quot;:&quot;0&quot;,&quot;iso&quot;:&quot;0&quot;,&quot;shutter_speed&quot;:&quot;0&quot;,&quot;title&quot;:&quot;&quot;,&quot;orientation&quot;:&quot;0&quot;}\" data-image-title=\"Sans\" data-image-description=\"\" data-image-caption=\"\" data-large-file=\"https:\/\/i0.wp.com\/lespassereves.fr\/wp-content\/uploads\/2018\/02\/Sans-.png?fit=386%2C528\" class=\"size-medium wp-image-1019 aligncenter\" src=\"https:\/\/i0.wp.com\/lespassereves.fr\/wp-content\/uploads\/2018\/02\/Sans-.png?resize=219%2C300\" alt=\"\" width=\"219\" height=\"300\" srcset=\"https:\/\/i0.wp.com\/lespassereves.fr\/wp-content\/uploads\/2018\/02\/Sans-.png?resize=219%2C300 219w, https:\/\/i0.wp.com\/lespassereves.fr\/wp-content\/uploads\/2018\/02\/Sans-.png?resize=278%2C380 278w, https:\/\/i0.wp.com\/lespassereves.fr\/wp-content\/uploads\/2018\/02\/Sans-.png?w=386 386w\" sizes=\"auto, (max-width: 219px) 100vw, 219px\" \/><\/p>\n<p><span style=\"font-size: 14pt; color: #ff00ff;\"><strong>L\u2019improvisation th\u00e9\u00e2trale est pour nous un excellent vecteur<\/strong><\/span><br \/>\n<span style=\"font-size: 14pt; color: #ff00ff;\"> <strong> pour favoriser le vivre ensemble.<\/strong><\/span><br \/>\n<span style=\"font-size: 14pt; color: #ff00ff;\"> <strong> Par son interm\u00e9diaire, nous proposons des spectacles interactifs.<\/strong><\/span><br \/>\n<span style=\"font-size: 14pt; color: #ff00ff;\"> <strong> Le public se fait alors complice.<\/strong><\/span><\/p>\n<h3 style=\"text-align: center;\"><span style=\"color: #0000ff; font-size: 18pt;\"><strong>Et l\u2019eau des P\u00e2tes ?<\/strong><\/span><\/h3>\n<p style=\"text-align: center;\"><img data-recalc-dims=\"1\" loading=\"lazy\" decoding=\"async\" data-attachment-id=\"980\" data-permalink=\"http:\/\/lespassereves.fr\/index.php\/prestations-theatrales\/tout-public\/titre\/#main\" data-orig-file=\"https:\/\/i0.wp.com\/lespassereves.fr\/wp-content\/uploads\/2018\/01\/titre.png?fit=255%2C319\" data-orig-size=\"255,319\" data-comments-opened=\"1\" data-image-meta=\"{&quot;aperture&quot;:&quot;0&quot;,&quot;credit&quot;:&quot;&quot;,&quot;camera&quot;:&quot;&quot;,&quot;caption&quot;:&quot;&quot;,&quot;created_timestamp&quot;:&quot;0&quot;,&quot;copyright&quot;:&quot;&quot;,&quot;focal_length&quot;:&quot;0&quot;,&quot;iso&quot;:&quot;0&quot;,&quot;shutter_speed&quot;:&quot;0&quot;,&quot;title&quot;:&quot;&quot;,&quot;orientation&quot;:&quot;0&quot;}\" data-image-title=\"titre\" data-image-description=\"\" data-image-caption=\"\" data-large-file=\"https:\/\/i0.wp.com\/lespassereves.fr\/wp-content\/uploads\/2018\/01\/titre.png?fit=255%2C319\" class=\"alignnone size-medium wp-image-980\" src=\"https:\/\/i0.wp.com\/lespassereves.fr\/wp-content\/uploads\/2018\/01\/titre.png?resize=240%2C300\" alt=\"\" width=\"240\" height=\"300\" srcset=\"https:\/\/i0.wp.com\/lespassereves.fr\/wp-content\/uploads\/2018\/01\/titre.png?resize=240%2C300 240w, https:\/\/i0.wp.com\/lespassereves.fr\/wp-content\/uploads\/2018\/01\/titre.png?w=255 255w\" sizes=\"auto, (max-width: 240px) 100vw, 240px\" \/><\/p>\n<p style=\"text-align: left;\"><span style=\"font-size: 14pt; color: #ff00ff;\"><strong>Lorsque les deux personnages Elod &amp; Pat ont rendez-vous,<\/strong><\/span><br \/>\n<span style=\"font-size: 14pt; color: #ff00ff;\"><strong> cela fait forc\u00e9ment des \u00e9tincelles.<\/strong><\/span><br \/>\n<span style=\"font-size: 14pt; color: #ff00ff;\"><strong> Ils se croisent et d\u00e9croisent \u00e0 souhait pour le plaisir des yeux.<\/strong><\/span><br \/>\n<span style=\"font-size: 14pt; color: #ff00ff;\"><strong> Vont-ils se rencontrer au terme de cette poursuite ?<\/strong><\/span><br \/>\n<span style=\"font-size: 14pt; color: #ff00ff;\"><strong> Leur premier spectacle truff\u00e9 de po\u00e9sie et d\u2019humour o\u00f9 l\u2019\u00e9conomie de dialogues <\/strong><\/span><span style=\"font-size: 14pt; color: #ff00ff;\"><strong>fait ressortir tout leur habilet\u00e9 clownesque.<\/strong><\/span><br \/>\n<span style=\"font-size: 14pt; color: #ff00ff;\"><strong> A d\u00e9couvrir d\u2019urgence\u2026<\/strong><\/span><\/p>\n<h3 style=\"text-align: center;\"><span style=\"color: #0000ff;\"><strong><span style=\"font-size: 18pt;\">Th\u00e9\u00e2tre Forum<\/span><\/strong><\/span><\/h3>\n<p style=\"text-align: center;\"><img data-recalc-dims=\"1\" loading=\"lazy\" decoding=\"async\" data-attachment-id=\"1027\" data-permalink=\"http:\/\/lespassereves.fr\/index.php\/prestations-theatrales\/tout-public\/titre-2\/#main\" data-orig-file=\"https:\/\/i0.wp.com\/lespassereves.fr\/wp-content\/uploads\/2018\/02\/titre.png?fit=330%2C480\" data-orig-size=\"330,480\" data-comments-opened=\"1\" data-image-meta=\"{&quot;aperture&quot;:&quot;0&quot;,&quot;credit&quot;:&quot;&quot;,&quot;camera&quot;:&quot;&quot;,&quot;caption&quot;:&quot;&quot;,&quot;created_timestamp&quot;:&quot;0&quot;,&quot;copyright&quot;:&quot;&quot;,&quot;focal_length&quot;:&quot;0&quot;,&quot;iso&quot;:&quot;0&quot;,&quot;shutter_speed&quot;:&quot;0&quot;,&quot;title&quot;:&quot;&quot;,&quot;orientation&quot;:&quot;0&quot;}\" data-image-title=\"th\u00e9\u00e2tre forum\" data-image-description=\"&lt;p&gt;Th\u00e9\u00e2tre Forum Compagnie des Passe R\u00eaves&lt;\/p&gt;\n\" data-image-caption=\"&lt;p&gt;Th\u00e9\u00e2tre Forum Compagnie des Passe R\u00eaves&lt;\/p&gt;\n\" data-large-file=\"https:\/\/i0.wp.com\/lespassereves.fr\/wp-content\/uploads\/2018\/02\/titre.png?fit=330%2C480\" class=\"alignnone size-medium wp-image-1027\" src=\"https:\/\/i0.wp.com\/lespassereves.fr\/wp-content\/uploads\/2018\/02\/titre.png?resize=206%2C300\" alt=\"\" width=\"206\" height=\"300\" srcset=\"https:\/\/i0.wp.com\/lespassereves.fr\/wp-content\/uploads\/2018\/02\/titre.png?resize=206%2C300 206w, https:\/\/i0.wp.com\/lespassereves.fr\/wp-content\/uploads\/2018\/02\/titre.png?resize=261%2C380 261w, https:\/\/i0.wp.com\/lespassereves.fr\/wp-content\/uploads\/2018\/02\/titre.png?w=330 330w\" sizes=\"auto, (max-width: 206px) 100vw, 206px\" \/><\/p>\n<p style=\"text-align: left;\"><span style=\"font-size: 14pt;\"><strong><span style=\"color: #ff00ff;\">Traitons ensemble des situations qui posent question.<\/span><\/strong><\/span><br \/>\n<span style=\"font-size: 14pt;\"> <strong><span style=\"color: #ff00ff;\"> A l\u2019aide de sayn\u00e8tes, nous abordons toutes sortes de th\u00e9matiques.<\/span><\/strong><\/span><br \/>\n<span style=\"font-size: 14pt;\"> <strong><span style=\"color: #ff00ff;\"> Des moments de vie sont mis en perspective par les com\u00e9diens.<\/span><\/strong><\/span><br \/>\n<span style=\"font-size: 14pt;\"> <strong><span style=\"color: #ff00ff;\"> Le public est amen\u00e9 \u00e0 intervenir pour donner un point de vue sous un angle diff\u00e9rent.<\/span><\/strong><\/span><\/p>\n<h3 style=\"text-align: center;\"><strong><span style=\"font-size: 18pt; color: #0000ff;\">Tout \u00e7a pour qui ?<\/span><\/strong><\/h3>\n<p><strong><span style=\"font-size: 14pt; color: #ff00ff;\">Il s\u2019agit d\u2019animations s\u2019adaptant \u00e0 tout type d\u2019\u00e9v\u00e9nements et de lieux : th\u00e9\u00e2tre en entreprise, spectacle de rue, camping, comit\u00e9 d\u2019entreprise, spectacle d\u2019\u00e9cole, repas spectacle, spectacle de no\u00ebl, mariages, f\u00eates de fin d\u2019ann\u00e9e, clubs, associations, mairies, en centre de loisirs, maisons de quartiers, dans des bars, dans des maisons de retraite, dans des h\u00f4pitaux, etc\u2026<\/span><\/strong><\/p>\n<p>&nbsp;<\/p>\n<h3 style=\"text-align: center;\"><span style=\"color: #0000ff; font-size: 18pt;\"><strong>d\u00e9couvrez un extrait vid\u00e9o<\/strong><\/span><\/h3>\n<div class=\"jetpack-video-wrapper\"><span class=\"embed-youtube\" style=\"text-align:center; display: block;\"><iframe loading=\"lazy\" class=\"youtube-player\" width=\"620\" height=\"349\" src=\"https:\/\/www.youtube.com\/embed\/MDy7Bl4Ii84?version=3&#038;rel=1&#038;showsearch=0&#038;showinfo=1&#038;iv_load_policy=1&#038;fs=1&#038;hl=fr-FR&#038;autohide=2&#038;wmode=transparent\" allowfullscreen=\"true\" style=\"border:0;\" sandbox=\"allow-scripts allow-same-origin allow-popups allow-presentation allow-popups-to-escape-sandbox\"><\/iframe><\/span><\/div>\n","protected":false},"excerpt":{"rendered":"<p>Nos Spectacles Tout Public Spectacle d\u2019impro L\u2019improvisation th\u00e9\u00e2trale est pour nous un excellent vecteur pour favoriser le vivre ensemble. Par son interm\u00e9diaire, nous proposons des spectacles interactifs. Le public se fait alors complice. Et l\u2019eau des P\u00e2tes ? Lorsque les deux personnages Elod &amp; Pat ont rendez-vous, cela fait forc\u00e9ment des \u00e9tincelles. Ils se croisent &hellip; <a href=\"http:\/\/lespassereves.fr\/index.php\/prestations-theatrales\/tout-public\/\" class=\"more-link\">Lire la suite <span class=\"screen-reader-text\">Spectacles d&rsquo;improvisation th\u00e9\u00e2trale Tout public Passe R\u00eaves<\/span><\/a><\/p>\n","protected":false},"author":1,"featured_media":0,"parent":707,"menu_order":0,"comment_status":"closed","ping_status":"closed","template":"","meta":{"jetpack_post_was_ever_published":false,"footnotes":""},"class_list":["post-979","page","type-page","status-publish","hentry","without-featured-image"],"jetpack_sharing_enabled":true,"jetpack_shortlink":"https:\/\/wp.me\/P7LDIs-fN","jetpack_likes_enabled":true,"_links":{"self":[{"href":"http:\/\/lespassereves.fr\/index.php\/wp-json\/wp\/v2\/pages\/979","targetHints":{"allow":["GET"]}}],"collection":[{"href":"http:\/\/lespassereves.fr\/index.php\/wp-json\/wp\/v2\/pages"}],"about":[{"href":"http:\/\/lespassereves.fr\/index.php\/wp-json\/wp\/v2\/types\/page"}],"author":[{"embeddable":true,"href":"http:\/\/lespassereves.fr\/index.php\/wp-json\/wp\/v2\/users\/1"}],"replies":[{"embeddable":true,"href":"http:\/\/lespassereves.fr\/index.php\/wp-json\/wp\/v2\/comments?post=979"}],"version-history":[{"count":23,"href":"http:\/\/lespassereves.fr\/index.php\/wp-json\/wp\/v2\/pages\/979\/revisions"}],"predecessor-version":[{"id":1771,"href":"http:\/\/lespassereves.fr\/index.php\/wp-json\/wp\/v2\/pages\/979\/revisions\/1771"}],"up":[{"embeddable":true,"href":"http:\/\/lespassereves.fr\/index.php\/wp-json\/wp\/v2\/pages\/707"}],"wp:attachment":[{"href":"http:\/\/lespassereves.fr\/index.php\/wp-json\/wp\/v2\/media?parent=979"}],"curies":[{"name":"wp","href":"https:\/\/api.w.org\/{rel}","templated":true}]}}